{"id":306,"date":"2024-01-23T14:02:04","date_gmt":"2024-01-23T13:02:04","guid":{"rendered":"https:\/\/bilkiss.fr\/?page_id=306"},"modified":"2024-02-08T13:11:34","modified_gmt":"2024-02-08T12:11:34","slug":"accueil","status":"publish","type":"page","link":"https:\/\/bilkiss.fr\/","title":{"rendered":"Accueil"},"content":{"rendered":"\n<div class=\"wp-block-media-text is-stacked-on-mobile is-vertically-aligned-center has-background\" style=\"background:linear-gradient(135deg,rgb(237,237,237) 0%,rgb(255,255,255) 100%);grid-template-columns:32% auto\"><figure class=\"wp-block-media-text__media\"><img fetchpriority=\"high\" decoding=\"async\" width=\"652\" height=\"1024\" src=\"https:\/\/bilkiss.fr\/wp-content\/uploads\/2024\/01\/Cabinet-Leila-12-652x1024.jpg\" alt=\"\" class=\"wp-image-177 size-full\" srcset=\"https:\/\/bilkiss.fr\/wp-content\/uploads\/2024\/01\/Cabinet-Leila-12-652x1024.jpg 652w, https:\/\/bilkiss.fr\/wp-content\/uploads\/2024\/01\/Cabinet-Leila-12-191x300.jpg 191w, https:\/\/bilkiss.fr\/wp-content\/uploads\/2024\/01\/Cabinet-Leila-12-95x150.jpg 95w, https:\/\/bilkiss.fr\/wp-content\/uploads\/2024\/01\/Cabinet-Leila-12-768x1207.jpg 768w, https:\/\/bilkiss.fr\/wp-content\/uploads\/2024\/01\/Cabinet-Leila-12-977x1536.jpg 977w, https:\/\/bilkiss.fr\/wp-content\/uploads\/2024\/01\/Cabinet-Leila-12-1303x2048.jpg 1303w, https:\/\/bilkiss.fr\/wp-content\/uploads\/2024\/01\/Cabinet-Leila-12-scaled.jpg 1629w\" sizes=\"(max-width: 652px) 100vw, 652px\" \/><\/figure><div class=\"wp-block-media-text__content\">\n<h2 class=\"wp-block-heading alignwide has-text-align-center has-text-color\" style=\"color:#000000\">Bienvenue Chez Bilkiss<\/h2>\n\n\n\n<h4 class=\"wp-block-heading alignwide has-text-align-center\" style=\"font-size:14px\"><a href=\"https:\/\/bilkiss.fr\/?page_id=308\">D\u00e9couvrir le cabinet<\/a><\/h4>\n<\/div><\/div>\n","protected":false},"excerpt":{"rendered":"<p>Bienvenue Chez Bilkiss D\u00e9couvrir le cabinet<\/p>\n","protected":false},"author":1,"featured_media":0,"parent":0,"menu_order":0,"comment_status":"closed","ping_status":"closed","template":"","meta":{"footnotes":""},"class_list":["post-306","page","type-page","status-publish","hentry","entry"],"yoast_head":"<!-- This site is optimized with the Yoast SEO plugin v22.0 - https:\/\/yoast.com\/wordpress\/plugins\/seo\/ -->\n<title>D\u00e9couvrir le Cabinet - Bilkiss<\/title>\n<meta name=\"description\" content=\"D\u00e9couvrez Bilkiss, votre adresse de pr\u00e9dilection pour la m\u00e9decine esth\u00e9tique \u00e0 Strasbourg. Fond\u00e9 par Leila Tayeb, notre cabinet vous offre une exp\u00e9rience luxueuse et personnalis\u00e9e. Profitez de nos traitements innovants pour r\u00e9v\u00e9ler votre beaut\u00e9 naturelle. Prenez rendez-vous d\u00e8s maintenant au 52 boulevard de Strasbourg et laissez-nous vous guider vers une nouvelle confiance en vous.\" \/>\n<meta name=\"robots\" content=\"index, follow, max-snippet:-1, max-image-preview:large, max-video-preview:-1\" \/>\n<link rel=\"canonical\" href=\"https:\/\/bilkiss.fr\/\" \/>\n<meta property=\"og:locale\" content=\"fr_FR\" \/>\n<meta property=\"og:type\" content=\"article\" \/>\n<meta property=\"og:title\" content=\"D\u00e9couvrir le Cabinet - Bilkiss\" \/>\n<meta property=\"og:description\" content=\"D\u00e9couvrez Bilkiss, votre adresse de pr\u00e9dilection pour la m\u00e9decine esth\u00e9tique \u00e0 Strasbourg. Fond\u00e9 par Leila Tayeb, notre cabinet vous offre une exp\u00e9rience luxueuse et personnalis\u00e9e. Profitez de nos traitements innovants pour r\u00e9v\u00e9ler votre beaut\u00e9 naturelle. Prenez rendez-vous d\u00e8s maintenant au 52 boulevard de Strasbourg et laissez-nous vous guider vers une nouvelle confiance en vous.\" \/>\n<meta property=\"og:url\" content=\"https:\/\/bilkiss.fr\/\" \/>\n<meta property=\"og:site_name\" content=\"Bilkiss\" \/>\n<meta property=\"article:modified_time\" content=\"2024-02-08T12:11:34+00:00\" \/>\n<meta property=\"og:image\" content=\"https:\/\/bilkiss.fr\/wp-content\/uploads\/2024\/01\/Cabinet-Leila-12-652x1024.jpg\" \/>\n<meta name=\"twitter:card\" content=\"summary_large_image\" \/>\n<meta name=\"twitter:label1\" content=\"Dur\u00e9e de lecture estim\u00e9e\" \/>\n\t<meta name=\"twitter:data1\" content=\"1 minute\" \/>\n<script type=\"application\/ld+json\" class=\"yoast-schema-graph\">{\"@context\":\"https:\/\/schema.org\",\"@graph\":[{\"@type\":\"WebPage\",\"@id\":\"https:\/\/bilkiss.fr\/\",\"url\":\"https:\/\/bilkiss.fr\/\",\"name\":\"D\u00e9couvrir le Cabinet - Bilkiss\",\"isPartOf\":{\"@id\":\"https:\/\/bilkiss.fr\/#website\"},\"datePublished\":\"2024-01-23T13:02:04+00:00\",\"dateModified\":\"2024-02-08T12:11:34+00:00\",\"description\":\"D\u00e9couvrez Bilkiss, votre adresse de pr\u00e9dilection pour la m\u00e9decine esth\u00e9tique \u00e0 Strasbourg. Fond\u00e9 par Leila Tayeb, notre cabinet vous offre une exp\u00e9rience luxueuse et personnalis\u00e9e. Profitez de nos traitements innovants pour r\u00e9v\u00e9ler votre beaut\u00e9 naturelle. Prenez rendez-vous d\u00e8s maintenant au 52 boulevard de Strasbourg et laissez-nous vous guider vers une nouvelle confiance en vous.\",\"breadcrumb\":{\"@id\":\"https:\/\/bilkiss.fr\/#breadcrumb\"},\"inLanguage\":\"fr-FR\",\"potentialAction\":[{\"@type\":\"ReadAction\",\"target\":[\"https:\/\/bilkiss.fr\/\"]}]},{\"@type\":\"BreadcrumbList\",\"@id\":\"https:\/\/bilkiss.fr\/#breadcrumb\",\"itemListElement\":[{\"@type\":\"ListItem\",\"position\":1,\"name\":\"Accueil\",\"item\":\"https:\/\/bilkiss.fr\/\"},{\"@type\":\"ListItem\",\"position\":2,\"name\":\"Accueil\"}]},{\"@type\":\"WebSite\",\"@id\":\"https:\/\/bilkiss.fr\/#website\",\"url\":\"https:\/\/bilkiss.fr\/\",\"name\":\"Bilkiss - Cabinet de m\u00e9decine esth\u00e9tique\",\"description\":\"Cabinet de M\u00e9decine Esth\u00e9tique Toulon\",\"publisher\":{\"@id\":\"https:\/\/bilkiss.fr\/#organization\"},\"potentialAction\":[{\"@type\":\"SearchAction\",\"target\":{\"@type\":\"EntryPoint\",\"urlTemplate\":\"https:\/\/bilkiss.fr\/?s={search_term_string}\"},\"query-input\":\"required name=search_term_string\"}],\"inLanguage\":\"fr-FR\"},{\"@type\":\"Organization\",\"@id\":\"https:\/\/bilkiss.fr\/#organization\",\"name\":\"Bilkiss - Cabinet de m\u00e9decine esth\u00e9tique\",\"url\":\"https:\/\/bilkiss.fr\/\",\"logo\":{\"@type\":\"ImageObject\",\"inLanguage\":\"fr-FR\",\"@id\":\"https:\/\/bilkiss.fr\/#\/schema\/logo\/image\/\",\"url\":\"https:\/\/bilkiss.fr\/wp-content\/uploads\/2024\/01\/Logo-Bilkiss-Noir.png\",\"contentUrl\":\"https:\/\/bilkiss.fr\/wp-content\/uploads\/2024\/01\/Logo-Bilkiss-Noir.png\",\"width\":2768,\"height\":1352,\"caption\":\"Bilkiss - Cabinet de m\u00e9decine esth\u00e9tique\"},\"image\":{\"@id\":\"https:\/\/bilkiss.fr\/#\/schema\/logo\/image\/\"}}]}<\/script>\n<!-- \/ Yoast SEO plugin. -->","yoast_head_json":{"title":"D\u00e9couvrir le Cabinet - Bilkiss","description":"D\u00e9couvrez Bilkiss, votre adresse de pr\u00e9dilection pour la m\u00e9decine esth\u00e9tique \u00e0 Strasbourg. Fond\u00e9 par Leila Tayeb, notre cabinet vous offre une exp\u00e9rience luxueuse et personnalis\u00e9e. Profitez de nos traitements innovants pour r\u00e9v\u00e9ler votre beaut\u00e9 naturelle. Prenez rendez-vous d\u00e8s maintenant au 52 boulevard de Strasbourg et laissez-nous vous guider vers une nouvelle confiance en vous.","robots":{"index":"index","follow":"follow","max-snippet":"max-snippet:-1","max-image-preview":"max-image-preview:large","max-video-preview":"max-video-preview:-1"},"canonical":"https:\/\/bilkiss.fr\/","og_locale":"fr_FR","og_type":"article","og_title":"D\u00e9couvrir le Cabinet - Bilkiss","og_description":"D\u00e9couvrez Bilkiss, votre adresse de pr\u00e9dilection pour la m\u00e9decine esth\u00e9tique \u00e0 Strasbourg. Fond\u00e9 par Leila Tayeb, notre cabinet vous offre une exp\u00e9rience luxueuse et personnalis\u00e9e. Profitez de nos traitements innovants pour r\u00e9v\u00e9ler votre beaut\u00e9 naturelle. Prenez rendez-vous d\u00e8s maintenant au 52 boulevard de Strasbourg et laissez-nous vous guider vers une nouvelle confiance en vous.","og_url":"https:\/\/bilkiss.fr\/","og_site_name":"Bilkiss","article_modified_time":"2024-02-08T12:11:34+00:00","og_image":[{"url":"https:\/\/bilkiss.fr\/wp-content\/uploads\/2024\/01\/Cabinet-Leila-12-652x1024.jpg"}],"twitter_card":"summary_large_image","twitter_misc":{"Dur\u00e9e de lecture estim\u00e9e":"1 minute"},"schema":{"@context":"https:\/\/schema.org","@graph":[{"@type":"WebPage","@id":"https:\/\/bilkiss.fr\/","url":"https:\/\/bilkiss.fr\/","name":"D\u00e9couvrir le Cabinet - Bilkiss","isPartOf":{"@id":"https:\/\/bilkiss.fr\/#website"},"datePublished":"2024-01-23T13:02:04+00:00","dateModified":"2024-02-08T12:11:34+00:00","description":"D\u00e9couvrez Bilkiss, votre adresse de pr\u00e9dilection pour la m\u00e9decine esth\u00e9tique \u00e0 Strasbourg. Fond\u00e9 par Leila Tayeb, notre cabinet vous offre une exp\u00e9rience luxueuse et personnalis\u00e9e. Profitez de nos traitements innovants pour r\u00e9v\u00e9ler votre beaut\u00e9 naturelle. Prenez rendez-vous d\u00e8s maintenant au 52 boulevard de Strasbourg et laissez-nous vous guider vers une nouvelle confiance en vous.","breadcrumb":{"@id":"https:\/\/bilkiss.fr\/#breadcrumb"},"inLanguage":"fr-FR","potentialAction":[{"@type":"ReadAction","target":["https:\/\/bilkiss.fr\/"]}]},{"@type":"BreadcrumbList","@id":"https:\/\/bilkiss.fr\/#breadcrumb","itemListElement":[{"@type":"ListItem","position":1,"name":"Accueil","item":"https:\/\/bilkiss.fr\/"},{"@type":"ListItem","position":2,"name":"Accueil"}]},{"@type":"WebSite","@id":"https:\/\/bilkiss.fr\/#website","url":"https:\/\/bilkiss.fr\/","name":"Bilkiss - Cabinet de m\u00e9decine esth\u00e9tique","description":"Cabinet de M\u00e9decine Esth\u00e9tique Toulon","publisher":{"@id":"https:\/\/bilkiss.fr\/#organization"},"potentialAction":[{"@type":"SearchAction","target":{"@type":"EntryPoint","urlTemplate":"https:\/\/bilkiss.fr\/?s={search_term_string}"},"query-input":"required name=search_term_string"}],"inLanguage":"fr-FR"},{"@type":"Organization","@id":"https:\/\/bilkiss.fr\/#organization","name":"Bilkiss - Cabinet de m\u00e9decine esth\u00e9tique","url":"https:\/\/bilkiss.fr\/","logo":{"@type":"ImageObject","inLanguage":"fr-FR","@id":"https:\/\/bilkiss.fr\/#\/schema\/logo\/image\/","url":"https:\/\/bilkiss.fr\/wp-content\/uploads\/2024\/01\/Logo-Bilkiss-Noir.png","contentUrl":"https:\/\/bilkiss.fr\/wp-content\/uploads\/2024\/01\/Logo-Bilkiss-Noir.png","width":2768,"height":1352,"caption":"Bilkiss - Cabinet de m\u00e9decine esth\u00e9tique"},"image":{"@id":"https:\/\/bilkiss.fr\/#\/schema\/logo\/image\/"}}]}},"_links":{"self":[{"href":"https:\/\/bilkiss.fr\/index.php?rest_route=\/wp\/v2\/pages\/306","targetHints":{"allow":["GET"]}}],"collection":[{"href":"https:\/\/bilkiss.fr\/index.php?rest_route=\/wp\/v2\/pages"}],"about":[{"href":"https:\/\/bilkiss.fr\/index.php?rest_route=\/wp\/v2\/types\/page"}],"author":[{"embeddable":true,"href":"https:\/\/bilkiss.fr\/index.php?rest_route=\/wp\/v2\/users\/1"}],"replies":[{"embeddable":true,"href":"https:\/\/bilkiss.fr\/index.php?rest_route=%2Fwp%2Fv2%2Fcomments&post=306"}],"version-history":[{"count":29,"href":"https:\/\/bilkiss.fr\/index.php?rest_route=\/wp\/v2\/pages\/306\/revisions"}],"predecessor-version":[{"id":857,"href":"https:\/\/bilkiss.fr\/index.php?rest_route=\/wp\/v2\/pages\/306\/revisions\/857"}],"wp:attachment":[{"href":"https:\/\/bilkiss.fr\/index.php?rest_route=%2Fwp%2Fv2%2Fmedia&parent=306"}],"curies":[{"name":"wp","href":"https:\/\/api.w.org\/{rel}","templated":true}]}}