{"id":308,"date":"2024-01-23T14:02:33","date_gmt":"2024-01-23T13:02:33","guid":{"rendered":"https:\/\/bilkiss.fr\/?page_id=308"},"modified":"2024-02-23T14:31:04","modified_gmt":"2024-02-23T13:31:04","slug":"le-cabinet","status":"publish","type":"page","link":"https:\/\/bilkiss.fr\/?page_id=308","title":{"rendered":"Le Cabinet"},"content":{"rendered":"\n<div class=\"wp-block-columns is-layout-flex wp-container-core-columns-is-layout-9d6595d7 wp-block-columns-is-layout-flex\">\n<div class=\"wp-block-column is-layout-flow wp-block-column-is-layout-flow\">\n<figure class=\"wp-block-gallery has-nested-images columns-default is-cropped wp-block-gallery-1 is-layout-flex wp-block-gallery-is-layout-flex\">\n<figure data-wp-context=\"{&quot;imageId&quot;:&quot;69dfd74068613&quot;}\" data-wp-interactive=\"core\/image\" data-wp-key=\"69dfd74068613\" class=\"wp-block-image size-full wp-lightbox-container\"><img fetchpriority=\"high\" decoding=\"async\" width=\"1819\" height=\"2560\" data-wp-class--hide=\"state.isContentHidden\" data-wp-class--show=\"state.isContentVisible\" data-wp-init=\"callbacks.setButtonStyles\" data-wp-on--click=\"actions.showLightbox\" data-wp-on--load=\"callbacks.setButtonStyles\" data-wp-on-window--resize=\"callbacks.setButtonStyles\" data-id=\"180\" src=\"https:\/\/bilkiss.fr\/wp-content\/uploads\/2024\/01\/Cabinet-Leila-15-scaled.jpg\" alt=\"\" class=\"wp-image-180\" srcset=\"https:\/\/bilkiss.fr\/wp-content\/uploads\/2024\/01\/Cabinet-Leila-15-scaled.jpg 1819w, https:\/\/bilkiss.fr\/wp-content\/uploads\/2024\/01\/Cabinet-Leila-15-213x300.jpg 213w, https:\/\/bilkiss.fr\/wp-content\/uploads\/2024\/01\/Cabinet-Leila-15-728x1024.jpg 728w, https:\/\/bilkiss.fr\/wp-content\/uploads\/2024\/01\/Cabinet-Leila-15-107x150.jpg 107w, https:\/\/bilkiss.fr\/wp-content\/uploads\/2024\/01\/Cabinet-Leila-15-768x1081.jpg 768w, https:\/\/bilkiss.fr\/wp-content\/uploads\/2024\/01\/Cabinet-Leila-15-1092x1536.jpg 1092w, https:\/\/bilkiss.fr\/wp-content\/uploads\/2024\/01\/Cabinet-Leila-15-1455x2048.jpg 1455w\" sizes=\"(max-width: 1819px) 100vw, 1819px\" \/><button\n\t\t\tclass=\"lightbox-trigger\"\n\t\t\ttype=\"button\"\n\t\t\taria-haspopup=\"dialog\"\n\t\t\taria-label=\"Agrandir\"\n\t\t\tdata-wp-init=\"callbacks.initTriggerButton\"\n\t\t\tdata-wp-on--click=\"actions.showLightbox\"\n\t\t\tdata-wp-style--right=\"state.imageButtonRight\"\n\t\t\tdata-wp-style--top=\"state.imageButtonTop\"\n\t\t>\n\t\t\t<svg xmlns=\"http:\/\/www.w3.org\/2000\/svg\" width=\"12\" height=\"12\" fill=\"none\" viewBox=\"0 0 12 12\">\n\t\t\t\t<path fill=\"#fff\" d=\"M2 0a2 2 0 0 0-2 2v2h1.5V2a.5.5 0 0 1 .5-.5h2V0H2Zm2 10.5H2a.5.5 0 0 1-.5-.5V8H0v2a2 2 0 0 0 2 2h2v-1.5ZM8 12v-1.5h2a.5.5 0 0 0 .5-.5V8H12v2a2 2 0 0 1-2 2H8Zm2-12a2 2 0 0 1 2 2v2h-1.5V2a.5.5 0 0 0-.5-.5H8V0h2Z\" \/>\n\t\t\t<\/svg>\n\t\t<\/button><\/figure>\n\n\n\n<figure data-wp-context=\"{&quot;imageId&quot;:&quot;69dfd7406896b&quot;}\" data-wp-interactive=\"core\/image\" data-wp-key=\"69dfd7406896b\" class=\"wp-block-image size-full wp-lightbox-container\"><img decoding=\"async\" width=\"1629\" height=\"2560\" data-wp-class--hide=\"state.isContentHidden\" data-wp-class--show=\"state.isContentVisible\" data-wp-init=\"callbacks.setButtonStyles\" data-wp-on--click=\"actions.showLightbox\" data-wp-on--load=\"callbacks.setButtonStyles\" data-wp-on-window--resize=\"callbacks.setButtonStyles\" data-id=\"177\" src=\"https:\/\/bilkiss.fr\/wp-content\/uploads\/2024\/01\/Cabinet-Leila-12-scaled.jpg\" alt=\"\" class=\"wp-image-177\" srcset=\"https:\/\/bilkiss.fr\/wp-content\/uploads\/2024\/01\/Cabinet-Leila-12-scaled.jpg 1629w, https:\/\/bilkiss.fr\/wp-content\/uploads\/2024\/01\/Cabinet-Leila-12-191x300.jpg 191w, https:\/\/bilkiss.fr\/wp-content\/uploads\/2024\/01\/Cabinet-Leila-12-652x1024.jpg 652w, https:\/\/bilkiss.fr\/wp-content\/uploads\/2024\/01\/Cabinet-Leila-12-95x150.jpg 95w, https:\/\/bilkiss.fr\/wp-content\/uploads\/2024\/01\/Cabinet-Leila-12-768x1207.jpg 768w, https:\/\/bilkiss.fr\/wp-content\/uploads\/2024\/01\/Cabinet-Leila-12-977x1536.jpg 977w, https:\/\/bilkiss.fr\/wp-content\/uploads\/2024\/01\/Cabinet-Leila-12-1303x2048.jpg 1303w\" sizes=\"(max-width: 1629px) 100vw, 1629px\" \/><button\n\t\t\tclass=\"lightbox-trigger\"\n\t\t\ttype=\"button\"\n\t\t\taria-haspopup=\"dialog\"\n\t\t\taria-label=\"Agrandir\"\n\t\t\tdata-wp-init=\"callbacks.initTriggerButton\"\n\t\t\tdata-wp-on--click=\"actions.showLightbox\"\n\t\t\tdata-wp-style--right=\"state.imageButtonRight\"\n\t\t\tdata-wp-style--top=\"state.imageButtonTop\"\n\t\t>\n\t\t\t<svg xmlns=\"http:\/\/www.w3.org\/2000\/svg\" width=\"12\" height=\"12\" fill=\"none\" viewBox=\"0 0 12 12\">\n\t\t\t\t<path fill=\"#fff\" d=\"M2 0a2 2 0 0 0-2 2v2h1.5V2a.5.5 0 0 1 .5-.5h2V0H2Zm2 10.5H2a.5.5 0 0 1-.5-.5V8H0v2a2 2 0 0 0 2 2h2v-1.5ZM8 12v-1.5h2a.5.5 0 0 0 .5-.5V8H12v2a2 2 0 0 1-2 2H8Zm2-12a2 2 0 0 1 2 2v2h-1.5V2a.5.5 0 0 0-.5-.5H8V0h2Z\" \/>\n\t\t\t<\/svg>\n\t\t<\/button><\/figure>\n\n\n\n<figure data-wp-context=\"{&quot;imageId&quot;:&quot;69dfd74068c4d&quot;}\" data-wp-interactive=\"core\/image\" data-wp-key=\"69dfd74068c4d\" class=\"wp-block-image size-full wp-lightbox-container\"><img decoding=\"async\" width=\"1707\" height=\"2560\" data-wp-class--hide=\"state.isContentHidden\" data-wp-class--show=\"state.isContentVisible\" data-wp-init=\"callbacks.setButtonStyles\" data-wp-on--click=\"actions.showLightbox\" data-wp-on--load=\"callbacks.setButtonStyles\" data-wp-on-window--resize=\"callbacks.setButtonStyles\" data-id=\"178\" src=\"https:\/\/bilkiss.fr\/wp-content\/uploads\/2024\/01\/Cabinet-Leila-13-scaled.jpg\" alt=\"\" class=\"wp-image-178\" srcset=\"https:\/\/bilkiss.fr\/wp-content\/uploads\/2024\/01\/Cabinet-Leila-13-scaled.jpg 1707w, https:\/\/bilkiss.fr\/wp-content\/uploads\/2024\/01\/Cabinet-Leila-13-200x300.jpg 200w, https:\/\/bilkiss.fr\/wp-content\/uploads\/2024\/01\/Cabinet-Leila-13-683x1024.jpg 683w, https:\/\/bilkiss.fr\/wp-content\/uploads\/2024\/01\/Cabinet-Leila-13-100x150.jpg 100w, https:\/\/bilkiss.fr\/wp-content\/uploads\/2024\/01\/Cabinet-Leila-13-768x1152.jpg 768w, https:\/\/bilkiss.fr\/wp-content\/uploads\/2024\/01\/Cabinet-Leila-13-1024x1536.jpg 1024w, https:\/\/bilkiss.fr\/wp-content\/uploads\/2024\/01\/Cabinet-Leila-13-1365x2048.jpg 1365w\" sizes=\"(max-width: 1707px) 100vw, 1707px\" \/><button\n\t\t\tclass=\"lightbox-trigger\"\n\t\t\ttype=\"button\"\n\t\t\taria-haspopup=\"dialog\"\n\t\t\taria-label=\"Agrandir\"\n\t\t\tdata-wp-init=\"callbacks.initTriggerButton\"\n\t\t\tdata-wp-on--click=\"actions.showLightbox\"\n\t\t\tdata-wp-style--right=\"state.imageButtonRight\"\n\t\t\tdata-wp-style--top=\"state.imageButtonTop\"\n\t\t>\n\t\t\t<svg xmlns=\"http:\/\/www.w3.org\/2000\/svg\" width=\"12\" height=\"12\" fill=\"none\" viewBox=\"0 0 12 12\">\n\t\t\t\t<path fill=\"#fff\" d=\"M2 0a2 2 0 0 0-2 2v2h1.5V2a.5.5 0 0 1 .5-.5h2V0H2Zm2 10.5H2a.5.5 0 0 1-.5-.5V8H0v2a2 2 0 0 0 2 2h2v-1.5ZM8 12v-1.5h2a.5.5 0 0 0 .5-.5V8H12v2a2 2 0 0 1-2 2H8Zm2-12a2 2 0 0 1 2 2v2h-1.5V2a.5.5 0 0 0-.5-.5H8V0h2Z\" \/>\n\t\t\t<\/svg>\n\t\t<\/button><\/figure>\n\n\n\n<figure data-wp-context=\"{&quot;imageId&quot;:&quot;69dfd74068f44&quot;}\" data-wp-interactive=\"core\/image\" data-wp-key=\"69dfd74068f44\" class=\"wp-block-image size-full wp-lightbox-container\"><img loading=\"lazy\" decoding=\"async\" width=\"1707\" height=\"2560\" data-wp-class--hide=\"state.isContentHidden\" data-wp-class--show=\"state.isContentVisible\" data-wp-init=\"callbacks.setButtonStyles\" data-wp-on--click=\"actions.showLightbox\" data-wp-on--load=\"callbacks.setButtonStyles\" data-wp-on-window--resize=\"callbacks.setButtonStyles\" data-id=\"172\" src=\"https:\/\/bilkiss.fr\/wp-content\/uploads\/2024\/01\/Cabinet-Leila-07-scaled.jpg\" alt=\"\" class=\"wp-image-172\" srcset=\"https:\/\/bilkiss.fr\/wp-content\/uploads\/2024\/01\/Cabinet-Leila-07-scaled.jpg 1707w, https:\/\/bilkiss.fr\/wp-content\/uploads\/2024\/01\/Cabinet-Leila-07-200x300.jpg 200w, https:\/\/bilkiss.fr\/wp-content\/uploads\/2024\/01\/Cabinet-Leila-07-683x1024.jpg 683w, https:\/\/bilkiss.fr\/wp-content\/uploads\/2024\/01\/Cabinet-Leila-07-100x150.jpg 100w, https:\/\/bilkiss.fr\/wp-content\/uploads\/2024\/01\/Cabinet-Leila-07-768x1152.jpg 768w, https:\/\/bilkiss.fr\/wp-content\/uploads\/2024\/01\/Cabinet-Leila-07-1024x1536.jpg 1024w, https:\/\/bilkiss.fr\/wp-content\/uploads\/2024\/01\/Cabinet-Leila-07-1365x2048.jpg 1365w\" sizes=\"(max-width: 1707px) 100vw, 1707px\" \/><button\n\t\t\tclass=\"lightbox-trigger\"\n\t\t\ttype=\"button\"\n\t\t\taria-haspopup=\"dialog\"\n\t\t\taria-label=\"Agrandir\"\n\t\t\tdata-wp-init=\"callbacks.initTriggerButton\"\n\t\t\tdata-wp-on--click=\"actions.showLightbox\"\n\t\t\tdata-wp-style--right=\"state.imageButtonRight\"\n\t\t\tdata-wp-style--top=\"state.imageButtonTop\"\n\t\t>\n\t\t\t<svg xmlns=\"http:\/\/www.w3.org\/2000\/svg\" width=\"12\" height=\"12\" fill=\"none\" viewBox=\"0 0 12 12\">\n\t\t\t\t<path fill=\"#fff\" d=\"M2 0a2 2 0 0 0-2 2v2h1.5V2a.5.5 0 0 1 .5-.5h2V0H2Zm2 10.5H2a.5.5 0 0 1-.5-.5V8H0v2a2 2 0 0 0 2 2h2v-1.5ZM8 12v-1.5h2a.5.5 0 0 0 .5-.5V8H12v2a2 2 0 0 1-2 2H8Zm2-12a2 2 0 0 1 2 2v2h-1.5V2a.5.5 0 0 0-.5-.5H8V0h2Z\" \/>\n\t\t\t<\/svg>\n\t\t<\/button><\/figure>\n\n\n\n<figure data-wp-context=\"{&quot;imageId&quot;:&quot;69dfd7406923d&quot;}\" data-wp-interactive=\"core\/image\" data-wp-key=\"69dfd7406923d\" class=\"wp-block-image size-full wp-lightbox-container\"><img loading=\"lazy\" decoding=\"async\" width=\"1707\" height=\"2560\" data-wp-class--hide=\"state.isContentHidden\" data-wp-class--show=\"state.isContentVisible\" data-wp-init=\"callbacks.setButtonStyles\" data-wp-on--click=\"actions.showLightbox\" data-wp-on--load=\"callbacks.setButtonStyles\" data-wp-on-window--resize=\"callbacks.setButtonStyles\" data-id=\"179\" src=\"https:\/\/bilkiss.fr\/wp-content\/uploads\/2024\/01\/Cabinet-Leila-14-scaled.jpg\" alt=\"\" class=\"wp-image-179\" srcset=\"https:\/\/bilkiss.fr\/wp-content\/uploads\/2024\/01\/Cabinet-Leila-14-scaled.jpg 1707w, https:\/\/bilkiss.fr\/wp-content\/uploads\/2024\/01\/Cabinet-Leila-14-200x300.jpg 200w, https:\/\/bilkiss.fr\/wp-content\/uploads\/2024\/01\/Cabinet-Leila-14-683x1024.jpg 683w, https:\/\/bilkiss.fr\/wp-content\/uploads\/2024\/01\/Cabinet-Leila-14-100x150.jpg 100w, https:\/\/bilkiss.fr\/wp-content\/uploads\/2024\/01\/Cabinet-Leila-14-768x1152.jpg 768w, https:\/\/bilkiss.fr\/wp-content\/uploads\/2024\/01\/Cabinet-Leila-14-1024x1536.jpg 1024w, https:\/\/bilkiss.fr\/wp-content\/uploads\/2024\/01\/Cabinet-Leila-14-1365x2048.jpg 1365w\" sizes=\"(max-width: 1707px) 100vw, 1707px\" \/><button\n\t\t\tclass=\"lightbox-trigger\"\n\t\t\ttype=\"button\"\n\t\t\taria-haspopup=\"dialog\"\n\t\t\taria-label=\"Agrandir\"\n\t\t\tdata-wp-init=\"callbacks.initTriggerButton\"\n\t\t\tdata-wp-on--click=\"actions.showLightbox\"\n\t\t\tdata-wp-style--right=\"state.imageButtonRight\"\n\t\t\tdata-wp-style--top=\"state.imageButtonTop\"\n\t\t>\n\t\t\t<svg xmlns=\"http:\/\/www.w3.org\/2000\/svg\" width=\"12\" height=\"12\" fill=\"none\" viewBox=\"0 0 12 12\">\n\t\t\t\t<path fill=\"#fff\" d=\"M2 0a2 2 0 0 0-2 2v2h1.5V2a.5.5 0 0 1 .5-.5h2V0H2Zm2 10.5H2a.5.5 0 0 1-.5-.5V8H0v2a2 2 0 0 0 2 2h2v-1.5ZM8 12v-1.5h2a.5.5 0 0 0 .5-.5V8H12v2a2 2 0 0 1-2 2H8Zm2-12a2 2 0 0 1 2 2v2h-1.5V2a.5.5 0 0 0-.5-.5H8V0h2Z\" \/>\n\t\t\t<\/svg>\n\t\t<\/button><\/figure>\n\n\n\n<figure data-wp-context=\"{&quot;imageId&quot;:&quot;69dfd74069519&quot;}\" data-wp-interactive=\"core\/image\" data-wp-key=\"69dfd74069519\" class=\"wp-block-image size-full wp-lightbox-container\"><img loading=\"lazy\" decoding=\"async\" width=\"1825\" height=\"2560\" data-wp-class--hide=\"state.isContentHidden\" data-wp-class--show=\"state.isContentVisible\" data-wp-init=\"callbacks.setButtonStyles\" data-wp-on--click=\"actions.showLightbox\" data-wp-on--load=\"callbacks.setButtonStyles\" data-wp-on-window--resize=\"callbacks.setButtonStyles\" data-id=\"174\" src=\"https:\/\/bilkiss.fr\/wp-content\/uploads\/2024\/01\/Cabinet-Leila-09-scaled.jpg\" alt=\"\" class=\"wp-image-174\" srcset=\"https:\/\/bilkiss.fr\/wp-content\/uploads\/2024\/01\/Cabinet-Leila-09-scaled.jpg 1825w, https:\/\/bilkiss.fr\/wp-content\/uploads\/2024\/01\/Cabinet-Leila-09-214x300.jpg 214w, https:\/\/bilkiss.fr\/wp-content\/uploads\/2024\/01\/Cabinet-Leila-09-730x1024.jpg 730w, https:\/\/bilkiss.fr\/wp-content\/uploads\/2024\/01\/Cabinet-Leila-09-107x150.jpg 107w, https:\/\/bilkiss.fr\/wp-content\/uploads\/2024\/01\/Cabinet-Leila-09-768x1077.jpg 768w, https:\/\/bilkiss.fr\/wp-content\/uploads\/2024\/01\/Cabinet-Leila-09-1095x1536.jpg 1095w, https:\/\/bilkiss.fr\/wp-content\/uploads\/2024\/01\/Cabinet-Leila-09-1460x2048.jpg 1460w\" sizes=\"(max-width: 1825px) 100vw, 1825px\" \/><button\n\t\t\tclass=\"lightbox-trigger\"\n\t\t\ttype=\"button\"\n\t\t\taria-haspopup=\"dialog\"\n\t\t\taria-label=\"Agrandir\"\n\t\t\tdata-wp-init=\"callbacks.initTriggerButton\"\n\t\t\tdata-wp-on--click=\"actions.showLightbox\"\n\t\t\tdata-wp-style--right=\"state.imageButtonRight\"\n\t\t\tdata-wp-style--top=\"state.imageButtonTop\"\n\t\t>\n\t\t\t<svg xmlns=\"http:\/\/www.w3.org\/2000\/svg\" width=\"12\" height=\"12\" fill=\"none\" viewBox=\"0 0 12 12\">\n\t\t\t\t<path fill=\"#fff\" d=\"M2 0a2 2 0 0 0-2 2v2h1.5V2a.5.5 0 0 1 .5-.5h2V0H2Zm2 10.5H2a.5.5 0 0 1-.5-.5V8H0v2a2 2 0 0 0 2 2h2v-1.5ZM8 12v-1.5h2a.5.5 0 0 0 .5-.5V8H12v2a2 2 0 0 1-2 2H8Zm2-12a2 2 0 0 1 2 2v2h-1.5V2a.5.5 0 0 0-.5-.5H8V0h2Z\" \/>\n\t\t\t<\/svg>\n\t\t<\/button><\/figure>\n<\/figure>\n<\/div>\n\n\n\n<div class=\"wp-block-column is-layout-flow wp-block-column-is-layout-flow\">\n<h2 class=\"wp-block-heading\" style=\"font-size:33px\">Le Cabinet<\/h2>\n\n\n\n<p>Vivre avec son \u00e2ge et restez belle, prendre soin de soi, je compte sur Bilkiss pour vous apporter la joie et le bonheur d\u2019un instant calme et r\u00e9g\u00e9n\u00e9rant.<br>J\u2019aime \u00e0 rappeler que la m\u00e9decine anti-\u00e2ge n\u00e9cessite de la patience pour constater les r\u00e9sultats, trois mois en moyenne. Mon \u00e9quipe et moi vous rappelleront souvent le terme de \u00abPatience \u00bb<br>Comme vous, nous attendons le r\u00e9sultat, qui varie selon les individus, et pour cela nous vous ferons signer un consentement \u00e9clair\u00e9 pour \u00eatre s\u00fbr \u00e0 chaque instant que vous soyez en accord avec le plan de traitement propos\u00e9 (associations de diff\u00e9rentes techniques allant des machines non invasives pr\u00e9sentes au cabinet aux Injections)<\/p>\n\n\n\n<p><\/p>\n<\/div>\n<\/div>\n\n\n\n<div style=\"height:100px\" aria-hidden=\"true\" class=\"wp-block-spacer\"><\/div>\n","protected":false},"excerpt":{"rendered":"<p>Le Cabinet Vivre avec son \u00e2ge et restez belle, prendre soin de soi, je compte sur Bilkiss pour vous apporter la joie et le bonheur d\u2019un instant calme et r\u00e9g\u00e9n\u00e9rant.J\u2019aime \u00e0 rappeler que la m\u00e9decine anti-\u00e2ge n\u00e9cessite de la patience pour constater les r\u00e9sultats, trois mois en moyenne. Mon \u00e9quipe et moi vous rappelleront souvent [&hellip;]<\/p>\n","protected":false},"author":1,"featured_media":0,"parent":0,"menu_order":0,"comment_status":"closed","ping_status":"closed","template":"","meta":{"footnotes":""},"class_list":["post-308","page","type-page","status-publish","hentry","entry"],"yoast_head":"<!-- This site is optimized with the Yoast SEO plugin v22.0 - https:\/\/yoast.com\/wordpress\/plugins\/seo\/ -->\n<title>Le Cabinet - Bilkiss<\/title>\n<meta name=\"robots\" content=\"index, follow, max-snippet:-1, max-image-preview:large, max-video-preview:-1\" \/>\n<link rel=\"canonical\" href=\"https:\/\/bilkiss.fr\/?page_id=308\" \/>\n<meta property=\"og:locale\" content=\"fr_FR\" \/>\n<meta property=\"og:type\" content=\"article\" \/>\n<meta property=\"og:title\" content=\"Le Cabinet - Bilkiss\" \/>\n<meta property=\"og:description\" content=\"Le Cabinet Vivre avec son \u00e2ge et restez belle, prendre soin de soi, je compte sur Bilkiss pour vous apporter la joie et le bonheur d\u2019un instant calme et r\u00e9g\u00e9n\u00e9rant.J\u2019aime \u00e0 rappeler que la m\u00e9decine anti-\u00e2ge n\u00e9cessite de la patience pour constater les r\u00e9sultats, trois mois en moyenne. Mon \u00e9quipe et moi vous rappelleront souvent [&hellip;]\" \/>\n<meta property=\"og:url\" content=\"https:\/\/bilkiss.fr\/?page_id=308\" \/>\n<meta property=\"og:site_name\" content=\"Bilkiss\" \/>\n<meta property=\"article:modified_time\" content=\"2024-02-23T13:31:04+00:00\" \/>\n<meta property=\"og:image\" content=\"https:\/\/bilkiss.fr\/wp-content\/uploads\/2024\/01\/Cabinet-Leila-15-scaled.jpg\" \/>\n<meta name=\"twitter:card\" content=\"summary_large_image\" \/>\n<meta name=\"twitter:label1\" content=\"Dur\u00e9e de lecture estim\u00e9e\" \/>\n\t<meta name=\"twitter:data1\" content=\"2 minutes\" \/>\n<script type=\"application\/ld+json\" class=\"yoast-schema-graph\">{\"@context\":\"https:\/\/schema.org\",\"@graph\":[{\"@type\":\"WebPage\",\"@id\":\"https:\/\/bilkiss.fr\/?page_id=308\",\"url\":\"https:\/\/bilkiss.fr\/?page_id=308\",\"name\":\"Le Cabinet - Bilkiss\",\"isPartOf\":{\"@id\":\"https:\/\/bilkiss.fr\/#website\"},\"datePublished\":\"2024-01-23T13:02:33+00:00\",\"dateModified\":\"2024-02-23T13:31:04+00:00\",\"breadcrumb\":{\"@id\":\"https:\/\/bilkiss.fr\/?page_id=308#breadcrumb\"},\"inLanguage\":\"fr-FR\",\"potentialAction\":[{\"@type\":\"ReadAction\",\"target\":[\"https:\/\/bilkiss.fr\/?page_id=308\"]}]},{\"@type\":\"BreadcrumbList\",\"@id\":\"https:\/\/bilkiss.fr\/?page_id=308#breadcrumb\",\"itemListElement\":[{\"@type\":\"ListItem\",\"position\":1,\"name\":\"Accueil\",\"item\":\"https:\/\/bilkiss.fr\/\"},{\"@type\":\"ListItem\",\"position\":2,\"name\":\"Le Cabinet\"}]},{\"@type\":\"WebSite\",\"@id\":\"https:\/\/bilkiss.fr\/#website\",\"url\":\"https:\/\/bilkiss.fr\/\",\"name\":\"Bilkiss - Cabinet de m\u00e9decine esth\u00e9tique\",\"description\":\"Cabinet de M\u00e9decine Esth\u00e9tique Toulon\",\"publisher\":{\"@id\":\"https:\/\/bilkiss.fr\/#organization\"},\"potentialAction\":[{\"@type\":\"SearchAction\",\"target\":{\"@type\":\"EntryPoint\",\"urlTemplate\":\"https:\/\/bilkiss.fr\/?s={search_term_string}\"},\"query-input\":\"required name=search_term_string\"}],\"inLanguage\":\"fr-FR\"},{\"@type\":\"Organization\",\"@id\":\"https:\/\/bilkiss.fr\/#organization\",\"name\":\"Bilkiss - Cabinet de m\u00e9decine esth\u00e9tique\",\"url\":\"https:\/\/bilkiss.fr\/\",\"logo\":{\"@type\":\"ImageObject\",\"inLanguage\":\"fr-FR\",\"@id\":\"https:\/\/bilkiss.fr\/#\/schema\/logo\/image\/\",\"url\":\"https:\/\/bilkiss.fr\/wp-content\/uploads\/2024\/01\/Logo-Bilkiss-Noir.png\",\"contentUrl\":\"https:\/\/bilkiss.fr\/wp-content\/uploads\/2024\/01\/Logo-Bilkiss-Noir.png\",\"width\":2768,\"height\":1352,\"caption\":\"Bilkiss - Cabinet de m\u00e9decine esth\u00e9tique\"},\"image\":{\"@id\":\"https:\/\/bilkiss.fr\/#\/schema\/logo\/image\/\"}}]}<\/script>\n<!-- \/ Yoast SEO plugin. -->","yoast_head_json":{"title":"Le Cabinet - Bilkiss","robots":{"index":"index","follow":"follow","max-snippet":"max-snippet:-1","max-image-preview":"max-image-preview:large","max-video-preview":"max-video-preview:-1"},"canonical":"https:\/\/bilkiss.fr\/?page_id=308","og_locale":"fr_FR","og_type":"article","og_title":"Le Cabinet - Bilkiss","og_description":"Le Cabinet Vivre avec son \u00e2ge et restez belle, prendre soin de soi, je compte sur Bilkiss pour vous apporter la joie et le bonheur d\u2019un instant calme et r\u00e9g\u00e9n\u00e9rant.J\u2019aime \u00e0 rappeler que la m\u00e9decine anti-\u00e2ge n\u00e9cessite de la patience pour constater les r\u00e9sultats, trois mois en moyenne. Mon \u00e9quipe et moi vous rappelleront souvent [&hellip;]","og_url":"https:\/\/bilkiss.fr\/?page_id=308","og_site_name":"Bilkiss","article_modified_time":"2024-02-23T13:31:04+00:00","og_image":[{"url":"https:\/\/bilkiss.fr\/wp-content\/uploads\/2024\/01\/Cabinet-Leila-15-scaled.jpg"}],"twitter_card":"summary_large_image","twitter_misc":{"Dur\u00e9e de lecture estim\u00e9e":"2 minutes"},"schema":{"@context":"https:\/\/schema.org","@graph":[{"@type":"WebPage","@id":"https:\/\/bilkiss.fr\/?page_id=308","url":"https:\/\/bilkiss.fr\/?page_id=308","name":"Le Cabinet - Bilkiss","isPartOf":{"@id":"https:\/\/bilkiss.fr\/#website"},"datePublished":"2024-01-23T13:02:33+00:00","dateModified":"2024-02-23T13:31:04+00:00","breadcrumb":{"@id":"https:\/\/bilkiss.fr\/?page_id=308#breadcrumb"},"inLanguage":"fr-FR","potentialAction":[{"@type":"ReadAction","target":["https:\/\/bilkiss.fr\/?page_id=308"]}]},{"@type":"BreadcrumbList","@id":"https:\/\/bilkiss.fr\/?page_id=308#breadcrumb","itemListElement":[{"@type":"ListItem","position":1,"name":"Accueil","item":"https:\/\/bilkiss.fr\/"},{"@type":"ListItem","position":2,"name":"Le Cabinet"}]},{"@type":"WebSite","@id":"https:\/\/bilkiss.fr\/#website","url":"https:\/\/bilkiss.fr\/","name":"Bilkiss - Cabinet de m\u00e9decine esth\u00e9tique","description":"Cabinet de M\u00e9decine Esth\u00e9tique Toulon","publisher":{"@id":"https:\/\/bilkiss.fr\/#organization"},"potentialAction":[{"@type":"SearchAction","target":{"@type":"EntryPoint","urlTemplate":"https:\/\/bilkiss.fr\/?s={search_term_string}"},"query-input":"required name=search_term_string"}],"inLanguage":"fr-FR"},{"@type":"Organization","@id":"https:\/\/bilkiss.fr\/#organization","name":"Bilkiss - Cabinet de m\u00e9decine esth\u00e9tique","url":"https:\/\/bilkiss.fr\/","logo":{"@type":"ImageObject","inLanguage":"fr-FR","@id":"https:\/\/bilkiss.fr\/#\/schema\/logo\/image\/","url":"https:\/\/bilkiss.fr\/wp-content\/uploads\/2024\/01\/Logo-Bilkiss-Noir.png","contentUrl":"https:\/\/bilkiss.fr\/wp-content\/uploads\/2024\/01\/Logo-Bilkiss-Noir.png","width":2768,"height":1352,"caption":"Bilkiss - Cabinet de m\u00e9decine esth\u00e9tique"},"image":{"@id":"https:\/\/bilkiss.fr\/#\/schema\/logo\/image\/"}}]}},"_links":{"self":[{"href":"https:\/\/bilkiss.fr\/index.php?rest_route=\/wp\/v2\/pages\/308","targetHints":{"allow":["GET"]}}],"collection":[{"href":"https:\/\/bilkiss.fr\/index.php?rest_route=\/wp\/v2\/pages"}],"about":[{"href":"https:\/\/bilkiss.fr\/index.php?rest_route=\/wp\/v2\/types\/page"}],"author":[{"embeddable":true,"href":"https:\/\/bilkiss.fr\/index.php?rest_route=\/wp\/v2\/users\/1"}],"replies":[{"embeddable":true,"href":"https:\/\/bilkiss.fr\/index.php?rest_route=%2Fwp%2Fv2%2Fcomments&post=308"}],"version-history":[{"count":45,"href":"https:\/\/bilkiss.fr\/index.php?rest_route=\/wp\/v2\/pages\/308\/revisions"}],"predecessor-version":[{"id":929,"href":"https:\/\/bilkiss.fr\/index.php?rest_route=\/wp\/v2\/pages\/308\/revisions\/929"}],"wp:attachment":[{"href":"https:\/\/bilkiss.fr\/index.php?rest_route=%2Fwp%2Fv2%2Fmedia&parent=308"}],"curies":[{"name":"wp","href":"https:\/\/api.w.org\/{rel}","templated":true}]}}