{"id":310,"date":"2024-01-23T14:02:43","date_gmt":"2024-01-23T13:02:43","guid":{"rendered":"https:\/\/bilkiss.fr\/?page_id=310"},"modified":"2026-03-20T19:25:58","modified_gmt":"2026-03-20T18:25:58","slug":"tarifs","status":"publish","type":"page","link":"https:\/\/bilkiss.fr\/?page_id=310","title":{"rendered":"Tarifs"},"content":{"rendered":"\n<p><\/p>\n\n\n\n<div class=\"wp-block-columns alignwide is-layout-flex wp-container-core-columns-is-layout-829b1d53 wp-block-columns-is-layout-flex\" style=\"margin-bottom:0\">\n<div class=\"wp-block-column has-pale-cyan-blue-background-color has-text-color has-background has-link-color wp-elements-cc3d15e41495c13cceaa9d39240f7644 is-layout-flow wp-block-column-is-layout-flow\" style=\"color:#000000;padding-top:2em;padding-right:2em;padding-bottom:2em;padding-left:2em;flex-basis:250px\">\n<h2 class=\"wp-block-heading has-text-align-left\" id=\"family\" style=\"font-size:23px\"><strong>Jet Peel<\/strong><\/h2>\n\n\n\n<p class=\"has-normal-font-size\" style=\"line-height:1.5\">Exfolie la peau, am\u00e9liore la texture et l&rsquo;\u00e9clat cutan\u00e9.<\/p>\n\n\n\n<hr class=\"wp-block-separator has-css-opacity is-style-wide\"\/>\n\n\n\n<p><strong><span style=\"text-decoration: underline;\">Jet Peel Anti Age Visage +D\u00e9collet\u00e9:<\/span> <\/strong>160\u20ac\/S\u00e9ance, 850\u20ac\/6 S\u00e9ances<\/p>\n\n\n\n<p><strong><span style=\"text-decoration: underline;\">Jet Peel Anti Age Visage:<\/span> <\/strong>140\u20ac\/S\u00e9ance, 700\u20ac\/6 S\u00e9ances<\/p>\n<\/div>\n\n\n\n<div class=\"wp-block-column has-vivid-green-cyan-background-color has-text-color has-background has-link-color wp-elements-9f40b60f29daa73b5a82a690cc04c7b7 is-layout-flow wp-block-column-is-layout-flow\" style=\"color:#000000;padding-top:2em;padding-right:2em;padding-bottom:2em;padding-left:2em;flex-basis:250px\">\n<h2 class=\"wp-block-heading has-text-align-left\" id=\"family\" style=\"font-size:23px\"><strong>Radiofr\u00e9quene<\/strong><\/h2>\n\n\n\n<p class=\"has-normal-font-size\" style=\"line-height:1.5\">Raffermit la peau en stimulant la production de collag\u00e8ne.<\/p>\n\n\n\n<hr class=\"wp-block-separator has-css-opacity is-style-wide\"\/>\n\n\n\n<p><span style=\"text-decoration: underline;\"><strong>Radiofr\u00e9quence anti age Visage<\/strong><\/span>: 120\u20ac\/S\u00e9ance, 660\u20ac\/6 S\u00e9ances (toutes les trois semaines)<\/p>\n\n\n\n<p><span style=\"text-decoration: underline;\"><strong>Radiofr\u00e9quence Corps<\/strong><\/span> (amincissement et raffermissent) :80\u20ac\/zone (exemples, face ant\u00e9rieure des deux cuisses,ventre&#8230;) 450\u20ac\/6 S\u00e9ances (toutes les trois semaines)<\/p>\n\n\n\n<p><br><\/p>\n<\/div>\n\n\n\n<div class=\"wp-block-column has-pale-pink-background-color has-text-color has-background has-link-color wp-elements-cbc883eda316b9c524cde8b783ac9fb9 is-layout-flow wp-block-column-is-layout-flow\" style=\"color:#000000;padding-top:2em;padding-right:2em;padding-bottom:2em;padding-left:2em;flex-basis:250px\">\n<h2 class=\"wp-block-heading has-text-align-left\" id=\"patron\" style=\"font-size:23px\"><strong>Epilation d\u00e9finitive<\/strong> Femme<\/h2>\n\n\n\n<p class=\"has-normal-font-size\">\u00c9limine durablement les poils, offrant une peau lisse permanente.<\/p>\n\n\n\n<hr class=\"wp-block-separator has-css-opacity is-style-wide\"\/>\n\n\n\n<p>S\u00e9ance allant de 50\u20ac \u00e0 240\u20ac selon les zones: 8 \u00e0 10 s\u00e9ances minimum<br><\/p>\n<\/div>\n\n\n\n<div class=\"wp-block-column has-vivid-cyan-blue-background-color has-text-color has-background has-link-color wp-elements-ffb4b0668e68c82bb1ce9939a9b330ef is-layout-flow wp-block-column-is-layout-flow\" style=\"color:#000000;padding-top:2em;padding-right:2em;padding-bottom:2em;padding-left:2em;flex-basis:250px\">\n<h2 class=\"wp-block-heading has-text-align-left\" id=\"patron\" style=\"font-size:23px\"><strong>Epilation d\u00e9finitive<\/strong> Homme<\/h2>\n\n\n\n<p class=\"has-normal-font-size\">\u00c9limine durablement les poils, offrant une peau lisse permanente.<\/p>\n\n\n\n<hr class=\"wp-block-separator has-css-opacity is-style-wide\"\/>\n\n\n\n<p>S\u00e9ance allant de 60\u20ac \u00e0 280\u20ac selon les zones: 8 \u00e0 12 s\u00e9ances minimum<\/p>\n<\/div>\n\n\n\n<div class=\"wp-block-column has-vivid-cyan-blue-background-color has-text-color has-background has-link-color wp-elements-17633548eeff0ee7377a1b5f28e68cc3 is-layout-flow wp-block-column-is-layout-flow\" style=\"color:#000000;padding-top:2em;padding-right:2em;padding-bottom:2em;padding-left:2em;flex-basis:250px\">\n<h2 class=\"wp-block-heading has-text-align-left\" id=\"patron\" style=\"font-size:23px\">Microneedling<\/h2>\n\n\n\n<p>Tarifs<\/p>\n\n\n\n<p><strong><span style=\"text-decoration: underline;\">Reg\u00e9n\u00e9ration cellulaire par s\u00e9ance<\/span><\/strong>:<\/p>\n\n\n\n<p>150\u20ac\/S\u00e9ance (minimum 3 s\u00e9ances \u00e0 un mois d&rsquo;intervalles dans l&rsquo;id\u00e9al)<\/p>\n\n\n\n<p><span style=\"text-decoration: underline;\">Anti t\u00e2ches pigmentaire<\/span><\/p>\n\n\n\n<p>180\u20ac\/S\u00e9ance  <\/p>\n\n\n\n<p>(minimum 3 s\u00e9ances \u00e0 un mois d&rsquo;intervalles dans l&rsquo;id\u00e9al)<\/p>\n\n\n\n<p><span style=\"text-decoration: underline;\">Peeling<\/span><\/p>\n\n\n\n<p><span style=\"text-decoration: underline;\">R\u00e9g\u00e9n\u00e9ration cellulaire par s\u00e9ance<\/span><\/p>\n\n\n\n<p>150\u20ac\/S\u00e9ance <\/p>\n\n\n\n<p><span style=\"text-decoration: underline;\">Acide glycolique (anti age, acn\u00e9)<\/span><\/p>\n\n\n\n<p>80\u20ac\/S\u00e9ance  <\/p>\n\n\n\n<p>(minimum 3 s\u00e9ances \u00e0 un 15 jours d&rsquo;intervalles dans l&rsquo;id\u00e9al) <\/p>\n\n\n\n<p><span style=\"text-decoration: underline;\">TCA (Anti Age)<\/span><\/p>\n\n\n\n<p>150\u20ac\/S\u00e9ance    (minimum \u00e0 un mois d&rsquo;intervalles dans l&rsquo;id\u00e9al)<\/p>\n\n\n\n<p><span style=\"text-decoration: underline;\">Peeling Anti t\u00e2ches pigmentaire<\/span><\/p>\n\n\n\n<p>180\u20ac\/S\u00e9ance <\/p>\n\n\n\n<p>(minimum 2 s\u00e9ances \u00e0 un 1 mois d&rsquo;intervalles dans l&rsquo;id\u00e9al) <\/p>\n\n\n\n<p>Injection (acide hyamuronique, inducteur de collagene, toxine)<\/p>\n\n\n\n<p>devis \u00e0 r\u00e9aliser<\/p>\n\n\n\n<p class=\"has-normal-font-size\"><\/p>\n\n\n\n<hr class=\"wp-block-separator has-css-opacity is-style-wide\"\/>\n\n\n\n<p><br><\/p>\n<\/div>\n\n\n\n<div class=\"wp-block-column is-layout-flow wp-block-column-is-layout-flow\"><\/div>\n<\/div>\n\n\n\n<div style=\"height:64px\" aria-hidden=\"true\" class=\"wp-block-spacer\"><\/div>\n\n\n\n<div class=\"wp-block-columns is-layout-flex wp-container-core-columns-is-layout-9d6595d7 wp-block-columns-is-layout-flex\">\n<div class=\"wp-block-column is-layout-flow wp-block-column-is-layout-flow\"><\/div>\n\n\n\n<div class=\"wp-block-column is-layout-flow wp-block-column-is-layout-flow\"><\/div>\n<\/div>\n\n\n\n<div style=\"height:89px\" aria-hidden=\"true\" class=\"wp-block-spacer\"><\/div>\n","protected":false},"excerpt":{"rendered":"<p>Jet Peel Exfolie la peau, am\u00e9liore la texture et l&rsquo;\u00e9clat cutan\u00e9. Jet Peel Anti Age Visage +D\u00e9collet\u00e9: 160\u20ac\/S\u00e9ance, 850\u20ac\/6 S\u00e9ances Jet Peel Anti Age Visage: 140\u20ac\/S\u00e9ance, 700\u20ac\/6 S\u00e9ances Radiofr\u00e9quene Raffermit la peau en stimulant la production de collag\u00e8ne. Radiofr\u00e9quence anti age Visage: 120\u20ac\/S\u00e9ance, 660\u20ac\/6 S\u00e9ances (toutes les trois semaines) Radiofr\u00e9quence Corps (amincissement et raffermissent) :80\u20ac\/zone [&hellip;]<\/p>\n","protected":false},"author":1,"featured_media":0,"parent":0,"menu_order":0,"comment_status":"closed","ping_status":"closed","template":"","meta":{"footnotes":""},"class_list":["post-310","page","type-page","status-publish","hentry","entry"],"yoast_head":"<!-- This site is optimized with the Yoast SEO plugin v22.0 - https:\/\/yoast.com\/wordpress\/plugins\/seo\/ -->\n<title>Tarifs - Bilkiss<\/title>\n<meta name=\"robots\" content=\"index, follow, max-snippet:-1, max-image-preview:large, max-video-preview:-1\" \/>\n<link rel=\"canonical\" href=\"https:\/\/bilkiss.fr\/?page_id=310\" \/>\n<meta property=\"og:locale\" content=\"fr_FR\" \/>\n<meta property=\"og:type\" content=\"article\" \/>\n<meta property=\"og:title\" content=\"Tarifs - Bilkiss\" \/>\n<meta property=\"og:description\" content=\"Jet Peel Exfolie la peau, am\u00e9liore la texture et l&rsquo;\u00e9clat cutan\u00e9. Jet Peel Anti Age Visage +D\u00e9collet\u00e9: 160\u20ac\/S\u00e9ance, 850\u20ac\/6 S\u00e9ances Jet Peel Anti Age Visage: 140\u20ac\/S\u00e9ance, 700\u20ac\/6 S\u00e9ances Radiofr\u00e9quene Raffermit la peau en stimulant la production de collag\u00e8ne. Radiofr\u00e9quence anti age Visage: 120\u20ac\/S\u00e9ance, 660\u20ac\/6 S\u00e9ances (toutes les trois semaines) Radiofr\u00e9quence Corps (amincissement et raffermissent) :80\u20ac\/zone [&hellip;]\" \/>\n<meta property=\"og:url\" content=\"https:\/\/bilkiss.fr\/?page_id=310\" \/>\n<meta property=\"og:site_name\" content=\"Bilkiss\" \/>\n<meta property=\"article:modified_time\" content=\"2026-03-20T18:25:58+00:00\" \/>\n<meta name=\"twitter:card\" content=\"summary_large_image\" \/>\n<meta name=\"twitter:label1\" content=\"Dur\u00e9e de lecture estim\u00e9e\" \/>\n\t<meta name=\"twitter:data1\" content=\"2 minutes\" \/>\n<script type=\"application\/ld+json\" class=\"yoast-schema-graph\">{\"@context\":\"https:\/\/schema.org\",\"@graph\":[{\"@type\":\"WebPage\",\"@id\":\"https:\/\/bilkiss.fr\/?page_id=310\",\"url\":\"https:\/\/bilkiss.fr\/?page_id=310\",\"name\":\"Tarifs - Bilkiss\",\"isPartOf\":{\"@id\":\"https:\/\/bilkiss.fr\/#website\"},\"datePublished\":\"2024-01-23T13:02:43+00:00\",\"dateModified\":\"2026-03-20T18:25:58+00:00\",\"breadcrumb\":{\"@id\":\"https:\/\/bilkiss.fr\/?page_id=310#breadcrumb\"},\"inLanguage\":\"fr-FR\",\"potentialAction\":[{\"@type\":\"ReadAction\",\"target\":[\"https:\/\/bilkiss.fr\/?page_id=310\"]}]},{\"@type\":\"BreadcrumbList\",\"@id\":\"https:\/\/bilkiss.fr\/?page_id=310#breadcrumb\",\"itemListElement\":[{\"@type\":\"ListItem\",\"position\":1,\"name\":\"Accueil\",\"item\":\"https:\/\/bilkiss.fr\/\"},{\"@type\":\"ListItem\",\"position\":2,\"name\":\"Tarifs\"}]},{\"@type\":\"WebSite\",\"@id\":\"https:\/\/bilkiss.fr\/#website\",\"url\":\"https:\/\/bilkiss.fr\/\",\"name\":\"Bilkiss - Cabinet de m\u00e9decine esth\u00e9tique\",\"description\":\"Cabinet de M\u00e9decine Esth\u00e9tique Toulon\",\"publisher\":{\"@id\":\"https:\/\/bilkiss.fr\/#organization\"},\"potentialAction\":[{\"@type\":\"SearchAction\",\"target\":{\"@type\":\"EntryPoint\",\"urlTemplate\":\"https:\/\/bilkiss.fr\/?s={search_term_string}\"},\"query-input\":\"required name=search_term_string\"}],\"inLanguage\":\"fr-FR\"},{\"@type\":\"Organization\",\"@id\":\"https:\/\/bilkiss.fr\/#organization\",\"name\":\"Bilkiss - Cabinet de m\u00e9decine esth\u00e9tique\",\"url\":\"https:\/\/bilkiss.fr\/\",\"logo\":{\"@type\":\"ImageObject\",\"inLanguage\":\"fr-FR\",\"@id\":\"https:\/\/bilkiss.fr\/#\/schema\/logo\/image\/\",\"url\":\"https:\/\/bilkiss.fr\/wp-content\/uploads\/2024\/01\/Logo-Bilkiss-Noir.png\",\"contentUrl\":\"https:\/\/bilkiss.fr\/wp-content\/uploads\/2024\/01\/Logo-Bilkiss-Noir.png\",\"width\":2768,\"height\":1352,\"caption\":\"Bilkiss - Cabinet de m\u00e9decine esth\u00e9tique\"},\"image\":{\"@id\":\"https:\/\/bilkiss.fr\/#\/schema\/logo\/image\/\"}}]}<\/script>\n<!-- \/ Yoast SEO plugin. -->","yoast_head_json":{"title":"Tarifs - Bilkiss","robots":{"index":"index","follow":"follow","max-snippet":"max-snippet:-1","max-image-preview":"max-image-preview:large","max-video-preview":"max-video-preview:-1"},"canonical":"https:\/\/bilkiss.fr\/?page_id=310","og_locale":"fr_FR","og_type":"article","og_title":"Tarifs - Bilkiss","og_description":"Jet Peel Exfolie la peau, am\u00e9liore la texture et l&rsquo;\u00e9clat cutan\u00e9. Jet Peel Anti Age Visage +D\u00e9collet\u00e9: 160\u20ac\/S\u00e9ance, 850\u20ac\/6 S\u00e9ances Jet Peel Anti Age Visage: 140\u20ac\/S\u00e9ance, 700\u20ac\/6 S\u00e9ances Radiofr\u00e9quene Raffermit la peau en stimulant la production de collag\u00e8ne. Radiofr\u00e9quence anti age Visage: 120\u20ac\/S\u00e9ance, 660\u20ac\/6 S\u00e9ances (toutes les trois semaines) Radiofr\u00e9quence Corps (amincissement et raffermissent) :80\u20ac\/zone [&hellip;]","og_url":"https:\/\/bilkiss.fr\/?page_id=310","og_site_name":"Bilkiss","article_modified_time":"2026-03-20T18:25:58+00:00","twitter_card":"summary_large_image","twitter_misc":{"Dur\u00e9e de lecture estim\u00e9e":"2 minutes"},"schema":{"@context":"https:\/\/schema.org","@graph":[{"@type":"WebPage","@id":"https:\/\/bilkiss.fr\/?page_id=310","url":"https:\/\/bilkiss.fr\/?page_id=310","name":"Tarifs - Bilkiss","isPartOf":{"@id":"https:\/\/bilkiss.fr\/#website"},"datePublished":"2024-01-23T13:02:43+00:00","dateModified":"2026-03-20T18:25:58+00:00","breadcrumb":{"@id":"https:\/\/bilkiss.fr\/?page_id=310#breadcrumb"},"inLanguage":"fr-FR","potentialAction":[{"@type":"ReadAction","target":["https:\/\/bilkiss.fr\/?page_id=310"]}]},{"@type":"BreadcrumbList","@id":"https:\/\/bilkiss.fr\/?page_id=310#breadcrumb","itemListElement":[{"@type":"ListItem","position":1,"name":"Accueil","item":"https:\/\/bilkiss.fr\/"},{"@type":"ListItem","position":2,"name":"Tarifs"}]},{"@type":"WebSite","@id":"https:\/\/bilkiss.fr\/#website","url":"https:\/\/bilkiss.fr\/","name":"Bilkiss - Cabinet de m\u00e9decine esth\u00e9tique","description":"Cabinet de M\u00e9decine Esth\u00e9tique Toulon","publisher":{"@id":"https:\/\/bilkiss.fr\/#organization"},"potentialAction":[{"@type":"SearchAction","target":{"@type":"EntryPoint","urlTemplate":"https:\/\/bilkiss.fr\/?s={search_term_string}"},"query-input":"required name=search_term_string"}],"inLanguage":"fr-FR"},{"@type":"Organization","@id":"https:\/\/bilkiss.fr\/#organization","name":"Bilkiss - Cabinet de m\u00e9decine esth\u00e9tique","url":"https:\/\/bilkiss.fr\/","logo":{"@type":"ImageObject","inLanguage":"fr-FR","@id":"https:\/\/bilkiss.fr\/#\/schema\/logo\/image\/","url":"https:\/\/bilkiss.fr\/wp-content\/uploads\/2024\/01\/Logo-Bilkiss-Noir.png","contentUrl":"https:\/\/bilkiss.fr\/wp-content\/uploads\/2024\/01\/Logo-Bilkiss-Noir.png","width":2768,"height":1352,"caption":"Bilkiss - Cabinet de m\u00e9decine esth\u00e9tique"},"image":{"@id":"https:\/\/bilkiss.fr\/#\/schema\/logo\/image\/"}}]}},"_links":{"self":[{"href":"https:\/\/bilkiss.fr\/index.php?rest_route=\/wp\/v2\/pages\/310","targetHints":{"allow":["GET"]}}],"collection":[{"href":"https:\/\/bilkiss.fr\/index.php?rest_route=\/wp\/v2\/pages"}],"about":[{"href":"https:\/\/bilkiss.fr\/index.php?rest_route=\/wp\/v2\/types\/page"}],"author":[{"embeddable":true,"href":"https:\/\/bilkiss.fr\/index.php?rest_route=\/wp\/v2\/users\/1"}],"replies":[{"embeddable":true,"href":"https:\/\/bilkiss.fr\/index.php?rest_route=%2Fwp%2Fv2%2Fcomments&post=310"}],"version-history":[{"count":70,"href":"https:\/\/bilkiss.fr\/index.php?rest_route=\/wp\/v2\/pages\/310\/revisions"}],"predecessor-version":[{"id":1137,"href":"https:\/\/bilkiss.fr\/index.php?rest_route=\/wp\/v2\/pages\/310\/revisions\/1137"}],"wp:attachment":[{"href":"https:\/\/bilkiss.fr\/index.php?rest_route=%2Fwp%2Fv2%2Fmedia&parent=310"}],"curies":[{"name":"wp","href":"https:\/\/api.w.org\/{rel}","templated":true}]}}