{"id":348,"date":"2024-01-23T15:34:21","date_gmt":"2024-01-23T14:34:21","guid":{"rendered":"https:\/\/bilkiss.fr\/?page_id=348"},"modified":"2024-01-29T17:43:57","modified_gmt":"2024-01-29T16:43:57","slug":"contact","status":"publish","type":"page","link":"https:\/\/bilkiss.fr\/?page_id=348","title":{"rendered":"Contact"},"content":{"rendered":"\t\t<div data-elementor-type=\"wp-page\" data-elementor-id=\"348\" class=\"elementor elementor-348\">\n\t\t\t\t\t\t\t<div class=\"elementor-element elementor-element-4983720 e-flex e-con-boxed e-con e-parent\" data-id=\"4983720\" data-element_type=\"container\" data-settings=\"{&quot;content_width&quot;:&quot;boxed&quot;}\" data-core-v316-plus=\"true\">\n\t\t\t\t\t<div class=\"e-con-inner\">\n\t\t\t\t<div class=\"elementor-element elementor-element-9715ce6 elementor-widget-divider--view-line elementor-widget elementor-widget-divider\" data-id=\"9715ce6\" data-element_type=\"widget\" data-widget_type=\"divider.default\">\n\t\t\t\t<div class=\"elementor-widget-container\">\n\t\t\t<style>\/*! elementor - v3.18.0 - 20-12-2023 *\/\n.elementor-widget-divider{--divider-border-style:none;--divider-border-width:1px;--divider-color:#0c0d0e;--divider-icon-size:20px;--divider-element-spacing:10px;--divider-pattern-height:24px;--divider-pattern-size:20px;--divider-pattern-url:none;--divider-pattern-repeat:repeat-x}.elementor-widget-divider .elementor-divider{display:flex}.elementor-widget-divider .elementor-divider__text{font-size:15px;line-height:1;max-width:95%}.elementor-widget-divider .elementor-divider__element{margin:0 var(--divider-element-spacing);flex-shrink:0}.elementor-widget-divider .elementor-icon{font-size:var(--divider-icon-size)}.elementor-widget-divider .elementor-divider-separator{display:flex;margin:0;direction:ltr}.elementor-widget-divider--view-line_icon .elementor-divider-separator,.elementor-widget-divider--view-line_text .elementor-divider-separator{align-items:center}.elementor-widget-divider--view-line_icon .elementor-divider-separator:after,.elementor-widget-divider--view-line_icon .elementor-divider-separator:before,.elementor-widget-divider--view-line_text .elementor-divider-separator:after,.elementor-widget-divider--view-line_text .elementor-divider-separator:before{display:block;content:\"\";border-bottom:0;flex-grow:1;border-top:var(--divider-border-width) var(--divider-border-style) var(--divider-color)}.elementor-widget-divider--element-align-left .elementor-divider .elementor-divider-separator>.elementor-divider__svg:first-of-type{flex-grow:0;flex-shrink:100}.elementor-widget-divider--element-align-left .elementor-divider-separator:before{content:none}.elementor-widget-divider--element-align-left .elementor-divider__element{margin-left:0}.elementor-widget-divider--element-align-right .elementor-divider .elementor-divider-separator>.elementor-divider__svg:last-of-type{flex-grow:0;flex-shrink:100}.elementor-widget-divider--element-align-right .elementor-divider-separator:after{content:none}.elementor-widget-divider--element-align-right .elementor-divider__element{margin-right:0}.elementor-widget-divider:not(.elementor-widget-divider--view-line_text):not(.elementor-widget-divider--view-line_icon) .elementor-divider-separator{border-top:var(--divider-border-width) var(--divider-border-style) var(--divider-color)}.elementor-widget-divider--separator-type-pattern{--divider-border-style:none}.elementor-widget-divider--separator-type-pattern.elementor-widget-divider--view-line .elementor-divider-separator,.elementor-widget-divider--separator-type-pattern:not(.elementor-widget-divider--view-line) .elementor-divider-separator:after,.elementor-widget-divider--separator-type-pattern:not(.elementor-widget-divider--view-line) .elementor-divider-separator:before,.elementor-widget-divider--separator-type-pattern:not([class*=elementor-widget-divider--view]) .elementor-divider-separator{width:100%;min-height:var(--divider-pattern-height);-webkit-mask-size:var(--divider-pattern-size) 100%;mask-size:var(--divider-pattern-size) 100%;-webkit-mask-repeat:var(--divider-pattern-repeat);mask-repeat:var(--divider-pattern-repeat);background-color:var(--divider-color);-webkit-mask-image:var(--divider-pattern-url);mask-image:var(--divider-pattern-url)}.elementor-widget-divider--no-spacing{--divider-pattern-size:auto}.elementor-widget-divider--bg-round{--divider-pattern-repeat:round}.rtl .elementor-widget-divider .elementor-divider__text{direction:rtl}.e-con-inner>.elementor-widget-divider,.e-con>.elementor-widget-divider{width:var(--container-widget-width,100%);--flex-grow:var(--container-widget-flex-grow)}<\/style>\t\t<div class=\"elementor-divider\">\n\t\t\t<span class=\"elementor-divider-separator\">\n\t\t\t\t\t\t<\/span>\n\t\t<\/div>\n\t\t\t\t<\/div>\n\t\t\t\t<\/div>\n\t\t\t\t\t<\/div>\n\t\t\t\t<\/div>\n\t\t<div class=\"elementor-element elementor-element-60fe291 e-flex e-con-boxed e-con e-parent\" data-id=\"60fe291\" data-element_type=\"container\" data-settings=\"{&quot;content_width&quot;:&quot;boxed&quot;}\" data-core-v316-plus=\"true\">\n\t\t\t\t\t<div class=\"e-con-inner\">\n\t\t<div class=\"elementor-element elementor-element-d24daa9 e-con-full e-flex e-con e-child\" data-id=\"d24daa9\" data-element_type=\"container\" data-settings=\"{&quot;content_width&quot;:&quot;full&quot;}\">\n\t\t\t\t<div class=\"elementor-element elementor-element-88ff28c elementor-widget elementor-widget-heading\" data-id=\"88ff28c\" data-element_type=\"widget\" data-widget_type=\"heading.default\">\n\t\t\t\t<div class=\"elementor-widget-container\">\n\t\t\t<style>\/*! elementor - v3.18.0 - 20-12-2023 *\/\n.elementor-heading-title{padding:0;margin:0;line-height:1}.elementor-widget-heading .elementor-heading-title[class*=elementor-size-]>a{color:inherit;font-size:inherit;line-height:inherit}.elementor-widget-heading .elementor-heading-title.elementor-size-small{font-size:15px}.elementor-widget-heading .elementor-heading-title.elementor-size-medium{font-size:19px}.elementor-widget-heading .elementor-heading-title.elementor-size-large{font-size:29px}.elementor-widget-heading .elementor-heading-title.elementor-size-xl{font-size:39px}.elementor-widget-heading .elementor-heading-title.elementor-size-xxl{font-size:59px}<\/style><h2 class=\"elementor-heading-title elementor-size-default\">Horaires<\/h2>\t\t<\/div>\n\t\t\t\t<\/div>\n\t\t\t\t<div class=\"elementor-element elementor-element-d458b73 elementor-widget elementor-widget-text-editor\" data-id=\"d458b73\" data-element_type=\"widget\" data-widget_type=\"text-editor.default\">\n\t\t\t\t<div class=\"elementor-widget-container\">\n\t\t\t<style>\/*! elementor - v3.18.0 - 20-12-2023 *\/\n.elementor-widget-text-editor.elementor-drop-cap-view-stacked .elementor-drop-cap{background-color:#69727d;color:#fff}.elementor-widget-text-editor.elementor-drop-cap-view-framed .elementor-drop-cap{color:#69727d;border:3px solid;background-color:transparent}.elementor-widget-text-editor:not(.elementor-drop-cap-view-default) .elementor-drop-cap{margin-top:8px}.elementor-widget-text-editor:not(.elementor-drop-cap-view-default) .elementor-drop-cap-letter{width:1em;height:1em}.elementor-widget-text-editor .elementor-drop-cap{float:left;text-align:center;line-height:1;font-size:50px}.elementor-widget-text-editor .elementor-drop-cap-letter{display:inline-block}<\/style>\t\t\t\t<p class=\"has-text-align-center\" style=\"text-align: center;\"><strong>Lundi:<\/strong>\u00a0Ferm\u00e9<\/p><p class=\"has-text-align-center\" style=\"text-align: center;\"><strong>Mardi:<\/strong>\u00a010:00-12:00, 13:30-19:30<\/p><p class=\"has-text-align-center\" style=\"text-align: center;\"><strong>Mercredi:<\/strong>\u00a010:00-12:00, 13:30-19:30<\/p><p class=\"has-text-align-center\" style=\"text-align: center;\"><strong>Jeudi:\u00a0<\/strong>10:00-12:00, 13:30-19:30<\/p><p class=\"has-text-align-center\" style=\"text-align: center;\"><strong>Vendredi:<\/strong>\u00a010:00-12:00, 13:30-19:30<\/p><p class=\"has-text-align-center\" style=\"text-align: center;\"><strong>Samedi:\u00a0<\/strong>10:00-12:00, 13:30-19:30<\/p><p class=\"has-text-align-center\" style=\"text-align: center;\"><strong>Dimanche:<\/strong>\u00a0Ferm\u00e9<\/p><p class=\"has-text-align-center\" style=\"text-align: center;\">\u00a0<\/p><p class=\"has-text-align-center\" style=\"text-align: center;\">\u00a0<\/p><p class=\"has-text-align-center\" style=\"text-align: center;\">52 Boulevard de Strasbourg, Toulon<\/p>\t\t\t\t\t\t<\/div>\n\t\t\t\t<\/div>\n\t\t\t\t<\/div>\n\t\t<div class=\"elementor-element elementor-element-22b9af2 e-con-full e-flex e-con e-child\" data-id=\"22b9af2\" data-element_type=\"container\" data-settings=\"{&quot;content_width&quot;:&quot;full&quot;}\">\n\t\t\t\t<div class=\"elementor-element elementor-element-1fd605a elementor-widget elementor-widget-google_maps\" data-id=\"1fd605a\" data-element_type=\"widget\" data-widget_type=\"google_maps.default\">\n\t\t\t\t<div class=\"elementor-widget-container\">\n\t\t\t<style>\/*! elementor - v3.18.0 - 20-12-2023 *\/\n.elementor-widget-google_maps .elementor-widget-container{overflow:hidden}.elementor-widget-google_maps .elementor-custom-embed{line-height:0}.elementor-widget-google_maps iframe{height:300px}<\/style>\t\t<div class=\"elementor-custom-embed\">\n\t\t\t<iframe loading=\"lazy\"\n\t\t\t\t\tsrc=\"https:\/\/maps.google.com\/maps?q=52%20Boulevard%20de%20strasbourg%20toulon&#038;t=m&#038;z=13&#038;output=embed&#038;iwloc=near\"\n\t\t\t\t\ttitle=\"52 Boulevard de strasbourg toulon\"\n\t\t\t\t\taria-label=\"52 Boulevard de strasbourg toulon\"\n\t\t\t><\/iframe>\n\t\t<\/div>\n\t\t\t\t<\/div>\n\t\t\t\t<\/div>\n\t\t\t\t<\/div>\n\t\t\t\t\t<\/div>\n\t\t\t\t<\/div>\n\t\t<div class=\"elementor-element elementor-element-ff8a333 e-flex e-con-boxed e-con e-parent\" data-id=\"ff8a333\" data-element_type=\"container\" data-settings=\"{&quot;content_width&quot;:&quot;boxed&quot;}\" data-core-v316-plus=\"true\">\n\t\t\t\t\t<div class=\"e-con-inner\">\n\t\t\t\t<div class=\"elementor-element elementor-element-4f25f00 elementor-widget-divider--view-line elementor-widget elementor-widget-divider\" data-id=\"4f25f00\" data-element_type=\"widget\" data-widget_type=\"divider.default\">\n\t\t\t\t<div class=\"elementor-widget-container\">\n\t\t\t\t\t<div class=\"elementor-divider\">\n\t\t\t<span class=\"elementor-divider-separator\">\n\t\t\t\t\t\t<\/span>\n\t\t<\/div>\n\t\t\t\t<\/div>\n\t\t\t\t<\/div>\n\t\t\t\t\t<\/div>\n\t\t\t\t<\/div>\n\t\t<div class=\"elementor-element elementor-element-d9d51a0 e-con-full e-flex e-con e-parent\" data-id=\"d9d51a0\" data-element_type=\"container\" data-settings=\"{&quot;content_width&quot;:&quot;full&quot;,&quot;background_background&quot;:&quot;classic&quot;}\" data-core-v316-plus=\"true\">\n\t\t<div class=\"elementor-element elementor-element-5cdbc1c e-con-full e-flex e-con e-child\" data-id=\"5cdbc1c\" data-element_type=\"container\" data-settings=\"{&quot;content_width&quot;:&quot;full&quot;}\">\n\t\t\t\t<\/div>\n\t\t<div class=\"elementor-element elementor-element-9f92d8f e-con-full e-flex e-con e-child\" data-id=\"9f92d8f\" data-element_type=\"container\" data-settings=\"{&quot;content_width&quot;:&quot;full&quot;}\">\n\t\t\t\t<div class=\"elementor-element elementor-element-f0eea7d elementor-widget elementor-widget-heading\" data-id=\"f0eea7d\" data-element_type=\"widget\" data-widget_type=\"heading.default\">\n\t\t\t\t<div class=\"elementor-widget-container\">\n\t\t\t<h2 class=\"elementor-heading-title elementor-size-default\">T\u00e9l\u00e9phone:<\/h2>\t\t<\/div>\n\t\t\t\t<\/div>\n\t\t\t\t<div class=\"elementor-element elementor-element-4a866f0 elementor-widget elementor-widget-text-editor\" data-id=\"4a866f0\" data-element_type=\"widget\" data-widget_type=\"text-editor.default\">\n\t\t\t\t<div class=\"elementor-widget-container\">\n\t\t\t\t\t\t\t<p style=\"text-align: center;\">07 63 74 04 25<\/p>\t\t\t\t\t\t<\/div>\n\t\t\t\t<\/div>\n\t\t\t\t<\/div>\n\t\t<div class=\"elementor-element elementor-element-e362654 e-con-full e-flex e-con e-child\" data-id=\"e362654\" data-element_type=\"container\" data-settings=\"{&quot;content_width&quot;:&quot;full&quot;}\">\n\t\t\t\t<div class=\"elementor-element elementor-element-8257be2 elementor-widget elementor-widget-heading\" data-id=\"8257be2\" data-element_type=\"widget\" data-widget_type=\"heading.default\">\n\t\t\t\t<div class=\"elementor-widget-container\">\n\t\t\t<h2 class=\"elementor-heading-title elementor-size-default\">Email<\/h2>\t\t<\/div>\n\t\t\t\t<\/div>\n\t\t\t\t<div class=\"elementor-element elementor-element-7642716 elementor-widget elementor-widget-text-editor\" data-id=\"7642716\" data-element_type=\"widget\" data-widget_type=\"text-editor.default\">\n\t\t\t\t<div class=\"elementor-widget-container\">\n\t\t\t\t\t\t\t<p style=\"text-align: center;\">lalatayeb@gmail.com<\/p>\t\t\t\t\t\t<\/div>\n\t\t\t\t<\/div>\n\t\t\t\t<\/div>\n\t\t<div class=\"elementor-element elementor-element-1f2a3e7 e-con-full e-flex e-con e-child\" data-id=\"1f2a3e7\" data-element_type=\"container\" data-settings=\"{&quot;content_width&quot;:&quot;full&quot;}\">\n\t\t\t\t<div class=\"elementor-element elementor-element-7e59066 elementor-widget elementor-widget-heading\" data-id=\"7e59066\" data-element_type=\"widget\" data-widget_type=\"heading.default\">\n\t\t\t\t<div class=\"elementor-widget-container\">\n\t\t\t<h2 class=\"elementor-heading-title elementor-size-default\">Doctolib<\/h2>\t\t<\/div>\n\t\t\t\t<\/div>\n\t\t\t\t<div class=\"elementor-element elementor-element-9490fc3 elementor-widget elementor-widget-heading\" data-id=\"9490fc3\" data-element_type=\"widget\" data-widget_type=\"heading.default\">\n\t\t\t\t<div class=\"elementor-widget-container\">\n\t\t\t<h2 class=\"elementor-heading-title elementor-size-default\"><a href=\"https:\/\/www.doctolib.fr\/medecin-generaliste\/toulon\/leila-tayeb-amimer\">Leila Tayeb<\/a><\/h2>\t\t<\/div>\n\t\t\t\t<\/div>\n\t\t\t\t<\/div>\n\t\t<div class=\"elementor-element elementor-element-93eb64a e-con-full e-flex e-con e-child\" data-id=\"93eb64a\" data-element_type=\"container\" data-settings=\"{&quot;content_width&quot;:&quot;full&quot;}\">\n\t\t\t\t<\/div>\n\t\t\t\t<\/div>\n\t\t<div class=\"elementor-element elementor-element-cc50cc3 e-flex e-con-boxed e-con e-parent\" data-id=\"cc50cc3\" data-element_type=\"container\" data-settings=\"{&quot;content_width&quot;:&quot;boxed&quot;}\" data-core-v316-plus=\"true\">\n\t\t\t\t\t<div class=\"e-con-inner\">\n\t\t\t\t<div class=\"elementor-element elementor-element-f125a8f elementor-widget-divider--view-line elementor-widget elementor-widget-divider\" data-id=\"f125a8f\" data-element_type=\"widget\" data-widget_type=\"divider.default\">\n\t\t\t\t<div class=\"elementor-widget-container\">\n\t\t\t\t\t<div class=\"elementor-divider\">\n\t\t\t<span class=\"elementor-divider-separator\">\n\t\t\t\t\t\t<\/span>\n\t\t<\/div>\n\t\t\t\t<\/div>\n\t\t\t\t<\/div>\n\t\t\t\t\t<\/div>\n\t\t\t\t<\/div>\n\t\t<div class=\"elementor-element elementor-element-89c9cc2 e-flex e-con-boxed e-con e-parent\" data-id=\"89c9cc2\" data-element_type=\"container\" data-settings=\"{&quot;content_width&quot;:&quot;boxed&quot;}\" data-core-v316-plus=\"true\">\n\t\t\t\t\t<div class=\"e-con-inner\">\n\t\t\t\t<div class=\"elementor-element elementor-element-46daaf6 elementor-widget elementor-widget-spacer\" data-id=\"46daaf6\" data-element_type=\"widget\" data-widget_type=\"spacer.default\">\n\t\t\t\t<div class=\"elementor-widget-container\">\n\t\t\t<style>\/*! elementor - v3.18.0 - 20-12-2023 *\/\n.elementor-column .elementor-spacer-inner{height:var(--spacer-size)}.e-con{--container-widget-width:100%}.e-con-inner>.elementor-widget-spacer,.e-con>.elementor-widget-spacer{width:var(--container-widget-width,var(--spacer-size));--align-self:var(--container-widget-align-self,initial);--flex-shrink:0}.e-con-inner>.elementor-widget-spacer>.elementor-widget-container,.e-con>.elementor-widget-spacer>.elementor-widget-container{height:100%;width:100%}.e-con-inner>.elementor-widget-spacer>.elementor-widget-container>.elementor-spacer,.e-con>.elementor-widget-spacer>.elementor-widget-container>.elementor-spacer{height:100%}.e-con-inner>.elementor-widget-spacer>.elementor-widget-container>.elementor-spacer>.elementor-spacer-inner,.e-con>.elementor-widget-spacer>.elementor-widget-container>.elementor-spacer>.elementor-spacer-inner{height:var(--container-widget-height,var(--spacer-size))}.e-con-inner>.elementor-widget-spacer.elementor-widget-empty,.e-con>.elementor-widget-spacer.elementor-widget-empty{position:relative;min-height:22px;min-width:22px}.e-con-inner>.elementor-widget-spacer.elementor-widget-empty .elementor-widget-empty-icon,.e-con>.elementor-widget-spacer.elementor-widget-empty .elementor-widget-empty-icon{position:absolute;top:0;bottom:0;left:0;right:0;margin:auto;padding:0;width:22px;height:22px}<\/style>\t\t<div class=\"elementor-spacer\">\n\t\t\t<div class=\"elementor-spacer-inner\"><\/div>\n\t\t<\/div>\n\t\t\t\t<\/div>\n\t\t\t\t<\/div>\n\t\t\t\t\t<\/div>\n\t\t\t\t<\/div>\n\t\t\t\t\t\t\t<\/div>\n\t\t","protected":false},"excerpt":{"rendered":"<p>Horaires Lundi:\u00a0Ferm\u00e9 Mardi:\u00a010:00-12:00, 13:30-19:30 Mercredi:\u00a010:00-12:00, 13:30-19:30 Jeudi:\u00a010:00-12:00, 13:30-19:30 Vendredi:\u00a010:00-12:00, 13:30-19:30 Samedi:\u00a010:00-12:00, 13:30-19:30 Dimanche:\u00a0Ferm\u00e9 \u00a0 \u00a0 52 Boulevard de Strasbourg, Toulon T\u00e9l\u00e9phone: 07 63 74 04 25 Email lalatayeb@gmail.com Doctolib Leila Tayeb<\/p>\n","protected":false},"author":1,"featured_media":0,"parent":0,"menu_order":0,"comment_status":"closed","ping_status":"closed","template":"","meta":{"footnotes":""},"class_list":["post-348","page","type-page","status-publish","hentry","entry"],"yoast_head":"<!-- This site is optimized with the Yoast SEO plugin v22.0 - https:\/\/yoast.com\/wordpress\/plugins\/seo\/ -->\n<title>Contact - Bilkiss<\/title>\n<meta name=\"robots\" content=\"index, follow, max-snippet:-1, max-image-preview:large, max-video-preview:-1\" \/>\n<link rel=\"canonical\" href=\"https:\/\/bilkiss.fr\/?page_id=348\" \/>\n<meta property=\"og:locale\" content=\"fr_FR\" \/>\n<meta property=\"og:type\" content=\"article\" \/>\n<meta property=\"og:title\" content=\"Contact - Bilkiss\" \/>\n<meta property=\"og:description\" content=\"Horaires Lundi:\u00a0Ferm\u00e9 Mardi:\u00a010:00-12:00, 13:30-19:30 Mercredi:\u00a010:00-12:00, 13:30-19:30 Jeudi:\u00a010:00-12:00, 13:30-19:30 Vendredi:\u00a010:00-12:00, 13:30-19:30 Samedi:\u00a010:00-12:00, 13:30-19:30 Dimanche:\u00a0Ferm\u00e9 \u00a0 \u00a0 52 Boulevard de Strasbourg, Toulon T\u00e9l\u00e9phone: 07 63 74 04 25 Email lalatayeb@gmail.com Doctolib Leila Tayeb\" \/>\n<meta property=\"og:url\" content=\"https:\/\/bilkiss.fr\/?page_id=348\" \/>\n<meta property=\"og:site_name\" content=\"Bilkiss\" \/>\n<meta property=\"article:modified_time\" content=\"2024-01-29T16:43:57+00:00\" \/>\n<meta name=\"twitter:card\" content=\"summary_large_image\" \/>\n<script type=\"application\/ld+json\" class=\"yoast-schema-graph\">{\"@context\":\"https:\/\/schema.org\",\"@graph\":[{\"@type\":\"WebPage\",\"@id\":\"https:\/\/bilkiss.fr\/?page_id=348\",\"url\":\"https:\/\/bilkiss.fr\/?page_id=348\",\"name\":\"Contact - Bilkiss\",\"isPartOf\":{\"@id\":\"https:\/\/bilkiss.fr\/#website\"},\"datePublished\":\"2024-01-23T14:34:21+00:00\",\"dateModified\":\"2024-01-29T16:43:57+00:00\",\"breadcrumb\":{\"@id\":\"https:\/\/bilkiss.fr\/?page_id=348#breadcrumb\"},\"inLanguage\":\"fr-FR\",\"potentialAction\":[{\"@type\":\"ReadAction\",\"target\":[\"https:\/\/bilkiss.fr\/?page_id=348\"]}]},{\"@type\":\"BreadcrumbList\",\"@id\":\"https:\/\/bilkiss.fr\/?page_id=348#breadcrumb\",\"itemListElement\":[{\"@type\":\"ListItem\",\"position\":1,\"name\":\"Accueil\",\"item\":\"https:\/\/bilkiss.fr\/\"},{\"@type\":\"ListItem\",\"position\":2,\"name\":\"Contact\"}]},{\"@type\":\"WebSite\",\"@id\":\"https:\/\/bilkiss.fr\/#website\",\"url\":\"https:\/\/bilkiss.fr\/\",\"name\":\"Bilkiss - Cabinet de m\u00e9decine esth\u00e9tique\",\"description\":\"Cabinet de M\u00e9decine Esth\u00e9tique Toulon\",\"publisher\":{\"@id\":\"https:\/\/bilkiss.fr\/#organization\"},\"potentialAction\":[{\"@type\":\"SearchAction\",\"target\":{\"@type\":\"EntryPoint\",\"urlTemplate\":\"https:\/\/bilkiss.fr\/?s={search_term_string}\"},\"query-input\":\"required name=search_term_string\"}],\"inLanguage\":\"fr-FR\"},{\"@type\":\"Organization\",\"@id\":\"https:\/\/bilkiss.fr\/#organization\",\"name\":\"Bilkiss - Cabinet de m\u00e9decine esth\u00e9tique\",\"url\":\"https:\/\/bilkiss.fr\/\",\"logo\":{\"@type\":\"ImageObject\",\"inLanguage\":\"fr-FR\",\"@id\":\"https:\/\/bilkiss.fr\/#\/schema\/logo\/image\/\",\"url\":\"https:\/\/bilkiss.fr\/wp-content\/uploads\/2024\/01\/Logo-Bilkiss-Noir.png\",\"contentUrl\":\"https:\/\/bilkiss.fr\/wp-content\/uploads\/2024\/01\/Logo-Bilkiss-Noir.png\",\"width\":2768,\"height\":1352,\"caption\":\"Bilkiss - Cabinet de m\u00e9decine esth\u00e9tique\"},\"image\":{\"@id\":\"https:\/\/bilkiss.fr\/#\/schema\/logo\/image\/\"}}]}<\/script>\n<!-- \/ Yoast SEO plugin. -->","yoast_head_json":{"title":"Contact - Bilkiss","robots":{"index":"index","follow":"follow","max-snippet":"max-snippet:-1","max-image-preview":"max-image-preview:large","max-video-preview":"max-video-preview:-1"},"canonical":"https:\/\/bilkiss.fr\/?page_id=348","og_locale":"fr_FR","og_type":"article","og_title":"Contact - Bilkiss","og_description":"Horaires Lundi:\u00a0Ferm\u00e9 Mardi:\u00a010:00-12:00, 13:30-19:30 Mercredi:\u00a010:00-12:00, 13:30-19:30 Jeudi:\u00a010:00-12:00, 13:30-19:30 Vendredi:\u00a010:00-12:00, 13:30-19:30 Samedi:\u00a010:00-12:00, 13:30-19:30 Dimanche:\u00a0Ferm\u00e9 \u00a0 \u00a0 52 Boulevard de Strasbourg, Toulon T\u00e9l\u00e9phone: 07 63 74 04 25 Email lalatayeb@gmail.com Doctolib Leila Tayeb","og_url":"https:\/\/bilkiss.fr\/?page_id=348","og_site_name":"Bilkiss","article_modified_time":"2024-01-29T16:43:57+00:00","twitter_card":"summary_large_image","schema":{"@context":"https:\/\/schema.org","@graph":[{"@type":"WebPage","@id":"https:\/\/bilkiss.fr\/?page_id=348","url":"https:\/\/bilkiss.fr\/?page_id=348","name":"Contact - Bilkiss","isPartOf":{"@id":"https:\/\/bilkiss.fr\/#website"},"datePublished":"2024-01-23T14:34:21+00:00","dateModified":"2024-01-29T16:43:57+00:00","breadcrumb":{"@id":"https:\/\/bilkiss.fr\/?page_id=348#breadcrumb"},"inLanguage":"fr-FR","potentialAction":[{"@type":"ReadAction","target":["https:\/\/bilkiss.fr\/?page_id=348"]}]},{"@type":"BreadcrumbList","@id":"https:\/\/bilkiss.fr\/?page_id=348#breadcrumb","itemListElement":[{"@type":"ListItem","position":1,"name":"Accueil","item":"https:\/\/bilkiss.fr\/"},{"@type":"ListItem","position":2,"name":"Contact"}]},{"@type":"WebSite","@id":"https:\/\/bilkiss.fr\/#website","url":"https:\/\/bilkiss.fr\/","name":"Bilkiss - Cabinet de m\u00e9decine esth\u00e9tique","description":"Cabinet de M\u00e9decine Esth\u00e9tique Toulon","publisher":{"@id":"https:\/\/bilkiss.fr\/#organization"},"potentialAction":[{"@type":"SearchAction","target":{"@type":"EntryPoint","urlTemplate":"https:\/\/bilkiss.fr\/?s={search_term_string}"},"query-input":"required name=search_term_string"}],"inLanguage":"fr-FR"},{"@type":"Organization","@id":"https:\/\/bilkiss.fr\/#organization","name":"Bilkiss - Cabinet de m\u00e9decine esth\u00e9tique","url":"https:\/\/bilkiss.fr\/","logo":{"@type":"ImageObject","inLanguage":"fr-FR","@id":"https:\/\/bilkiss.fr\/#\/schema\/logo\/image\/","url":"https:\/\/bilkiss.fr\/wp-content\/uploads\/2024\/01\/Logo-Bilkiss-Noir.png","contentUrl":"https:\/\/bilkiss.fr\/wp-content\/uploads\/2024\/01\/Logo-Bilkiss-Noir.png","width":2768,"height":1352,"caption":"Bilkiss - Cabinet de m\u00e9decine esth\u00e9tique"},"image":{"@id":"https:\/\/bilkiss.fr\/#\/schema\/logo\/image\/"}}]}},"_links":{"self":[{"href":"https:\/\/bilkiss.fr\/index.php?rest_route=\/wp\/v2\/pages\/348","targetHints":{"allow":["GET"]}}],"collection":[{"href":"https:\/\/bilkiss.fr\/index.php?rest_route=\/wp\/v2\/pages"}],"about":[{"href":"https:\/\/bilkiss.fr\/index.php?rest_route=\/wp\/v2\/types\/page"}],"author":[{"embeddable":true,"href":"https:\/\/bilkiss.fr\/index.php?rest_route=\/wp\/v2\/users\/1"}],"replies":[{"embeddable":true,"href":"https:\/\/bilkiss.fr\/index.php?rest_route=%2Fwp%2Fv2%2Fcomments&post=348"}],"version-history":[{"count":94,"href":"https:\/\/bilkiss.fr\/index.php?rest_route=\/wp\/v2\/pages\/348\/revisions"}],"predecessor-version":[{"id":847,"href":"https:\/\/bilkiss.fr\/index.php?rest_route=\/wp\/v2\/pages\/348\/revisions\/847"}],"wp:attachment":[{"href":"https:\/\/bilkiss.fr\/index.php?rest_route=%2Fwp%2Fv2%2Fmedia&parent=348"}],"curies":[{"name":"wp","href":"https:\/\/api.w.org\/{rel}","templated":true}]}}