{"id":787,"date":"2024-01-27T09:05:38","date_gmt":"2024-01-27T08:05:38","guid":{"rendered":"https:\/\/bilkiss.fr\/?page_id=787"},"modified":"2024-05-03T10:27:27","modified_gmt":"2024-05-03T08:27:27","slug":"le-jet-peel","status":"publish","type":"page","link":"https:\/\/bilkiss.fr\/?page_id=787","title":{"rendered":"Le Jet Peel"},"content":{"rendered":"\n<div class=\"wp-block-cover alignfull is-light\"><span aria-hidden=\"true\" class=\"wp-block-cover__background has-background-dim-100 has-background-dim\" style=\"background-color:#ffffff\"><\/span><div class=\"wp-block-cover__inner-container is-layout-flow wp-block-cover-is-layout-flow\">\n<div class=\"wp-block-media-text alignwide is-stacked-on-mobile is-vertically-aligned-center\" style=\"grid-template-columns:30% auto\"><figure class=\"wp-block-media-text__media\"><img fetchpriority=\"high\" decoding=\"async\" width=\"734\" height=\"1024\" src=\"https:\/\/bilkiss.fr\/wp-content\/uploads\/2024\/01\/IMG_8279-1-734x1024.jpg\" alt=\"\" class=\"wp-image-817 size-full\" srcset=\"https:\/\/bilkiss.fr\/wp-content\/uploads\/2024\/01\/IMG_8279-1-734x1024.jpg 734w, https:\/\/bilkiss.fr\/wp-content\/uploads\/2024\/01\/IMG_8279-1-215x300.jpg 215w, https:\/\/bilkiss.fr\/wp-content\/uploads\/2024\/01\/IMG_8279-1-768x1072.jpg 768w, https:\/\/bilkiss.fr\/wp-content\/uploads\/2024\/01\/IMG_8279-1-1101x1536.jpg 1101w, https:\/\/bilkiss.fr\/wp-content\/uploads\/2024\/01\/IMG_8279-1-1468x2048.jpg 1468w, https:\/\/bilkiss.fr\/wp-content\/uploads\/2024\/01\/IMG_8279-1-scaled.jpg 1834w\" sizes=\"(max-width: 734px) 100vw, 734px\" \/><\/figure><div class=\"wp-block-media-text__content\">\n<p><\/p>\n\n\n\n<h2 class=\"wp-block-heading has-text-align-left has-text-color\" style=\"color:#000000;font-size:32px\"><strong>Jet Peel<\/strong><\/h2>\n\n\n\n<p class=\"has-text-align-left has-text-color\" style=\"color:#000000;font-size:17px\">Pour le visage , le Jet peel ( technique sans injection , indolore) est l\u2019appareil Star , chouchout\u00e9 par tout Hollywood, satisfera vos attentes . Les premiers effets sont <strong>visibles d\u00e8s la premi\u00e8re s\u00e9ance<\/strong>. Des s\u00e9ances additionnelles permettront de <strong>relancer les processus naturels<\/strong> de renouvellement de la peau et d\u2019obtenir <strong>un r\u00e9sultat durable<\/strong> qui continuera de s&rsquo;am\u00e9liorer <strong>longtemps apr\u00e8s la cure<\/strong>.<\/p>\n\n\n\n<h5 class=\"wp-block-heading\"><a href=\"https:\/\/www.doctolib.fr\/medecin-generaliste\/toulon\/leila-tayeb-amimer\/booking\/new-patient?specialityId=2&amp;profile_skipped=true&amp;bookingFunnelSource=external_referral\">Rendez-vous<\/a><\/h5>\n<\/div><\/div>\n<\/div><\/div>\n\n\n\n<figure class=\"wp-block-gallery alignwide has-nested-images columns-3 is-cropped wp-block-gallery-1 is-layout-flex wp-block-gallery-is-layout-flex\">\n<figure class=\"wp-block-image size-large\"><img decoding=\"async\" data-id=\"1059\" src=\"https:\/\/bilkiss.fr\/wp-content\/uploads\/2024\/05\/JPO24-BK-12-1.jpg\" alt=\"\" class=\"wp-image-1059\"\/><\/figure>\n\n\n\n<figure class=\"wp-block-image size-large\"><img decoding=\"async\" data-id=\"1080\" src=\"https:\/\/bilkiss.fr\/wp-content\/uploads\/2024\/05\/JPO24-BK-1.jpg\" alt=\"\" class=\"wp-image-1080\"\/><\/figure>\n\n\n\n<figure class=\"wp-block-image size-full\"><img decoding=\"async\" width=\"1707\" height=\"2560\" data-id=\"1099\" src=\"https:\/\/bilkiss.fr\/wp-content\/uploads\/2024\/05\/JPO24-BK-3-2-scaled.jpg\" alt=\"\" class=\"wp-image-1099\" srcset=\"https:\/\/bilkiss.fr\/wp-content\/uploads\/2024\/05\/JPO24-BK-3-2-scaled.jpg 1707w, https:\/\/bilkiss.fr\/wp-content\/uploads\/2024\/05\/JPO24-BK-3-2-200x300.jpg 200w, https:\/\/bilkiss.fr\/wp-content\/uploads\/2024\/05\/JPO24-BK-3-2-683x1024.jpg 683w, https:\/\/bilkiss.fr\/wp-content\/uploads\/2024\/05\/JPO24-BK-3-2-768x1152.jpg 768w, https:\/\/bilkiss.fr\/wp-content\/uploads\/2024\/05\/JPO24-BK-3-2-1024x1536.jpg 1024w, https:\/\/bilkiss.fr\/wp-content\/uploads\/2024\/05\/JPO24-BK-3-2-1365x2048.jpg 1365w\" sizes=\"(max-width: 1707px) 100vw, 1707px\" \/><\/figure>\n\n\n\n<figure class=\"wp-block-image size-full\"><img decoding=\"async\" width=\"1707\" height=\"2560\" data-id=\"1120\" src=\"https:\/\/bilkiss.fr\/wp-content\/uploads\/2024\/05\/JPO24-BK-33-7-scaled.jpg\" alt=\"\" class=\"wp-image-1120\" srcset=\"https:\/\/bilkiss.fr\/wp-content\/uploads\/2024\/05\/JPO24-BK-33-7-scaled.jpg 1707w, https:\/\/bilkiss.fr\/wp-content\/uploads\/2024\/05\/JPO24-BK-33-7-200x300.jpg 200w, https:\/\/bilkiss.fr\/wp-content\/uploads\/2024\/05\/JPO24-BK-33-7-683x1024.jpg 683w\" sizes=\"(max-width: 1707px) 100vw, 1707px\" \/><\/figure>\n\n\n\n<figure class=\"wp-block-image size-full\"><img loading=\"lazy\" decoding=\"async\" width=\"1707\" height=\"2560\" data-id=\"1123\" src=\"https:\/\/bilkiss.fr\/wp-content\/uploads\/2024\/05\/JPO24-BK-32-5-scaled.jpg\" alt=\"\" class=\"wp-image-1123\" srcset=\"https:\/\/bilkiss.fr\/wp-content\/uploads\/2024\/05\/JPO24-BK-32-5-scaled.jpg 1707w, https:\/\/bilkiss.fr\/wp-content\/uploads\/2024\/05\/JPO24-BK-32-5-200x300.jpg 200w\" sizes=\"(max-width: 1707px) 100vw, 1707px\" \/><\/figure>\n<\/figure>\n","protected":false},"excerpt":{"rendered":"","protected":false},"author":1,"featured_media":0,"parent":0,"menu_order":0,"comment_status":"closed","ping_status":"closed","template":"","meta":{"footnotes":""},"class_list":["post-787","page","type-page","status-publish","hentry","entry"],"yoast_head":"<!-- This site is optimized with the Yoast SEO plugin v22.0 - https:\/\/yoast.com\/wordpress\/plugins\/seo\/ -->\n<title>Le Jet Peel - Bilkiss<\/title>\n<meta name=\"robots\" content=\"index, follow, max-snippet:-1, max-image-preview:large, max-video-preview:-1\" \/>\n<link rel=\"canonical\" href=\"https:\/\/bilkiss.fr\/?page_id=787\" \/>\n<meta property=\"og:locale\" content=\"fr_FR\" \/>\n<meta property=\"og:type\" content=\"article\" \/>\n<meta property=\"og:title\" content=\"Le Jet Peel - Bilkiss\" \/>\n<meta property=\"og:url\" content=\"https:\/\/bilkiss.fr\/?page_id=787\" \/>\n<meta property=\"og:site_name\" content=\"Bilkiss\" \/>\n<meta property=\"article:modified_time\" content=\"2024-05-03T08:27:27+00:00\" \/>\n<meta property=\"og:image\" content=\"https:\/\/bilkiss.fr\/wp-content\/uploads\/2024\/01\/IMG_8279-1-734x1024.jpg\" \/>\n<meta name=\"twitter:card\" content=\"summary_large_image\" \/>\n<meta name=\"twitter:label1\" content=\"Dur\u00e9e de lecture estim\u00e9e\" \/>\n\t<meta name=\"twitter:data1\" content=\"2 minutes\" \/>\n<script type=\"application\/ld+json\" class=\"yoast-schema-graph\">{\"@context\":\"https:\/\/schema.org\",\"@graph\":[{\"@type\":\"WebPage\",\"@id\":\"https:\/\/bilkiss.fr\/?page_id=787\",\"url\":\"https:\/\/bilkiss.fr\/?page_id=787\",\"name\":\"Le Jet Peel - Bilkiss\",\"isPartOf\":{\"@id\":\"https:\/\/bilkiss.fr\/#website\"},\"datePublished\":\"2024-01-27T08:05:38+00:00\",\"dateModified\":\"2024-05-03T08:27:27+00:00\",\"breadcrumb\":{\"@id\":\"https:\/\/bilkiss.fr\/?page_id=787#breadcrumb\"},\"inLanguage\":\"fr-FR\",\"potentialAction\":[{\"@type\":\"ReadAction\",\"target\":[\"https:\/\/bilkiss.fr\/?page_id=787\"]}]},{\"@type\":\"BreadcrumbList\",\"@id\":\"https:\/\/bilkiss.fr\/?page_id=787#breadcrumb\",\"itemListElement\":[{\"@type\":\"ListItem\",\"position\":1,\"name\":\"Accueil\",\"item\":\"https:\/\/bilkiss.fr\/\"},{\"@type\":\"ListItem\",\"position\":2,\"name\":\"Le Jet Peel\"}]},{\"@type\":\"WebSite\",\"@id\":\"https:\/\/bilkiss.fr\/#website\",\"url\":\"https:\/\/bilkiss.fr\/\",\"name\":\"Bilkiss - Cabinet de m\u00e9decine esth\u00e9tique\",\"description\":\"Cabinet de M\u00e9decine Esth\u00e9tique Toulon\",\"publisher\":{\"@id\":\"https:\/\/bilkiss.fr\/#organization\"},\"potentialAction\":[{\"@type\":\"SearchAction\",\"target\":{\"@type\":\"EntryPoint\",\"urlTemplate\":\"https:\/\/bilkiss.fr\/?s={search_term_string}\"},\"query-input\":\"required name=search_term_string\"}],\"inLanguage\":\"fr-FR\"},{\"@type\":\"Organization\",\"@id\":\"https:\/\/bilkiss.fr\/#organization\",\"name\":\"Bilkiss - Cabinet de m\u00e9decine esth\u00e9tique\",\"url\":\"https:\/\/bilkiss.fr\/\",\"logo\":{\"@type\":\"ImageObject\",\"inLanguage\":\"fr-FR\",\"@id\":\"https:\/\/bilkiss.fr\/#\/schema\/logo\/image\/\",\"url\":\"https:\/\/bilkiss.fr\/wp-content\/uploads\/2024\/01\/Logo-Bilkiss-Noir.png\",\"contentUrl\":\"https:\/\/bilkiss.fr\/wp-content\/uploads\/2024\/01\/Logo-Bilkiss-Noir.png\",\"width\":2768,\"height\":1352,\"caption\":\"Bilkiss - Cabinet de m\u00e9decine esth\u00e9tique\"},\"image\":{\"@id\":\"https:\/\/bilkiss.fr\/#\/schema\/logo\/image\/\"}}]}<\/script>\n<!-- \/ Yoast SEO plugin. -->","yoast_head_json":{"title":"Le Jet Peel - Bilkiss","robots":{"index":"index","follow":"follow","max-snippet":"max-snippet:-1","max-image-preview":"max-image-preview:large","max-video-preview":"max-video-preview:-1"},"canonical":"https:\/\/bilkiss.fr\/?page_id=787","og_locale":"fr_FR","og_type":"article","og_title":"Le Jet Peel - Bilkiss","og_url":"https:\/\/bilkiss.fr\/?page_id=787","og_site_name":"Bilkiss","article_modified_time":"2024-05-03T08:27:27+00:00","og_image":[{"url":"https:\/\/bilkiss.fr\/wp-content\/uploads\/2024\/01\/IMG_8279-1-734x1024.jpg"}],"twitter_card":"summary_large_image","twitter_misc":{"Dur\u00e9e de lecture estim\u00e9e":"2 minutes"},"schema":{"@context":"https:\/\/schema.org","@graph":[{"@type":"WebPage","@id":"https:\/\/bilkiss.fr\/?page_id=787","url":"https:\/\/bilkiss.fr\/?page_id=787","name":"Le Jet Peel - Bilkiss","isPartOf":{"@id":"https:\/\/bilkiss.fr\/#website"},"datePublished":"2024-01-27T08:05:38+00:00","dateModified":"2024-05-03T08:27:27+00:00","breadcrumb":{"@id":"https:\/\/bilkiss.fr\/?page_id=787#breadcrumb"},"inLanguage":"fr-FR","potentialAction":[{"@type":"ReadAction","target":["https:\/\/bilkiss.fr\/?page_id=787"]}]},{"@type":"BreadcrumbList","@id":"https:\/\/bilkiss.fr\/?page_id=787#breadcrumb","itemListElement":[{"@type":"ListItem","position":1,"name":"Accueil","item":"https:\/\/bilkiss.fr\/"},{"@type":"ListItem","position":2,"name":"Le Jet Peel"}]},{"@type":"WebSite","@id":"https:\/\/bilkiss.fr\/#website","url":"https:\/\/bilkiss.fr\/","name":"Bilkiss - Cabinet de m\u00e9decine esth\u00e9tique","description":"Cabinet de M\u00e9decine Esth\u00e9tique Toulon","publisher":{"@id":"https:\/\/bilkiss.fr\/#organization"},"potentialAction":[{"@type":"SearchAction","target":{"@type":"EntryPoint","urlTemplate":"https:\/\/bilkiss.fr\/?s={search_term_string}"},"query-input":"required name=search_term_string"}],"inLanguage":"fr-FR"},{"@type":"Organization","@id":"https:\/\/bilkiss.fr\/#organization","name":"Bilkiss - Cabinet de m\u00e9decine esth\u00e9tique","url":"https:\/\/bilkiss.fr\/","logo":{"@type":"ImageObject","inLanguage":"fr-FR","@id":"https:\/\/bilkiss.fr\/#\/schema\/logo\/image\/","url":"https:\/\/bilkiss.fr\/wp-content\/uploads\/2024\/01\/Logo-Bilkiss-Noir.png","contentUrl":"https:\/\/bilkiss.fr\/wp-content\/uploads\/2024\/01\/Logo-Bilkiss-Noir.png","width":2768,"height":1352,"caption":"Bilkiss - Cabinet de m\u00e9decine esth\u00e9tique"},"image":{"@id":"https:\/\/bilkiss.fr\/#\/schema\/logo\/image\/"}}]}},"_links":{"self":[{"href":"https:\/\/bilkiss.fr\/index.php?rest_route=\/wp\/v2\/pages\/787","targetHints":{"allow":["GET"]}}],"collection":[{"href":"https:\/\/bilkiss.fr\/index.php?rest_route=\/wp\/v2\/pages"}],"about":[{"href":"https:\/\/bilkiss.fr\/index.php?rest_route=\/wp\/v2\/types\/page"}],"author":[{"embeddable":true,"href":"https:\/\/bilkiss.fr\/index.php?rest_route=\/wp\/v2\/users\/1"}],"replies":[{"embeddable":true,"href":"https:\/\/bilkiss.fr\/index.php?rest_route=%2Fwp%2Fv2%2Fcomments&post=787"}],"version-history":[{"count":10,"href":"https:\/\/bilkiss.fr\/index.php?rest_route=\/wp\/v2\/pages\/787\/revisions"}],"predecessor-version":[{"id":1133,"href":"https:\/\/bilkiss.fr\/index.php?rest_route=\/wp\/v2\/pages\/787\/revisions\/1133"}],"wp:attachment":[{"href":"https:\/\/bilkiss.fr\/index.php?rest_route=%2Fwp%2Fv2%2Fmedia&parent=787"}],"curies":[{"name":"wp","href":"https:\/\/api.w.org\/{rel}","templated":true}]}}