{"id":789,"date":"2024-01-27T09:05:53","date_gmt":"2024-01-27T08:05:53","guid":{"rendered":"https:\/\/bilkiss.fr\/?page_id=789"},"modified":"2024-05-02T20:07:50","modified_gmt":"2024-05-02T18:07:50","slug":"la-radiofrequence","status":"publish","type":"page","link":"https:\/\/bilkiss.fr\/?page_id=789","title":{"rendered":"La Radiofr\u00e9quence"},"content":{"rendered":"\n<div class=\"wp-block-media-text alignwide is-stacked-on-mobile is-vertically-aligned-center\" style=\"grid-template-columns:30% auto\"><figure class=\"wp-block-media-text__media\"><img fetchpriority=\"high\" decoding=\"async\" width=\"714\" height=\"1024\" src=\"https:\/\/bilkiss.fr\/wp-content\/uploads\/2024\/01\/Cabinet-Leila-04-714x1024.jpg\" alt=\"\" class=\"wp-image-169 size-full\" srcset=\"https:\/\/bilkiss.fr\/wp-content\/uploads\/2024\/01\/Cabinet-Leila-04-714x1024.jpg 714w, https:\/\/bilkiss.fr\/wp-content\/uploads\/2024\/01\/Cabinet-Leila-04-209x300.jpg 209w, https:\/\/bilkiss.fr\/wp-content\/uploads\/2024\/01\/Cabinet-Leila-04-105x150.jpg 105w, https:\/\/bilkiss.fr\/wp-content\/uploads\/2024\/01\/Cabinet-Leila-04-768x1101.jpg 768w, https:\/\/bilkiss.fr\/wp-content\/uploads\/2024\/01\/Cabinet-Leila-04-1071x1536.jpg 1071w, https:\/\/bilkiss.fr\/wp-content\/uploads\/2024\/01\/Cabinet-Leila-04-1428x2048.jpg 1428w, https:\/\/bilkiss.fr\/wp-content\/uploads\/2024\/01\/Cabinet-Leila-04-scaled.jpg 1786w\" sizes=\"(max-width: 714px) 100vw, 714px\" \/><\/figure><div class=\"wp-block-media-text__content\">\n<p><\/p>\n\n\n\n<h2 class=\"wp-block-heading has-text-align-left has-text-color\" style=\"color:#000000;font-size:32px\"><strong>La Radiofr\u00e9quence<\/strong><\/h2>\n\n\n\n<p style=\"font-size:17px\">En parall\u00e8le ou en compl\u00e9ment, la Radiofr\u00e9quence permet de traiter rel\u00e2chement cutan\u00e9 et les rides, <strong>de la t\u00eate aux pieds<\/strong>. La technologie CORE est une solution pour le <strong>remodelage du visage et du corps<\/strong>, <strong>r\u00e9duction de la cellulite<\/strong>, et <strong>effet lift<\/strong>. La technologie CORE assure une pr\u00e9cision accrue, une grande facilit\u00e9 d\u2019utilisation, c\u2019est un traitement tr\u00e8s sur, rapide, et indolore.<\/p>\n\n\n\n<h5 class=\"wp-block-heading\"><a href=\"https:\/\/www.doctolib.fr\/medecin-generaliste\/toulon\/leila-tayeb-amimer\/booking\/new-patient?specialityId=2&amp;profile_skipped=true&amp;bookingFunnelSource=external_referral\">Rendez-vous<\/a><\/h5>\n<\/div><\/div>\n\n\n\n<figure class=\"wp-block-gallery alignwide has-nested-images columns-default is-cropped wp-block-gallery-1 is-layout-flex wp-block-gallery-is-layout-flex\">\n<figure class=\"wp-block-image size-full is-style-default\"><img decoding=\"async\" width=\"2560\" height=\"1707\" data-id=\"961\" src=\"https:\/\/bilkiss.fr\/wp-content\/uploads\/2024\/05\/JPO24-BK-6-3-scaled.jpg\" alt=\"\" class=\"wp-image-961\" srcset=\"https:\/\/bilkiss.fr\/wp-content\/uploads\/2024\/05\/JPO24-BK-6-3-scaled.jpg 2560w, https:\/\/bilkiss.fr\/wp-content\/uploads\/2024\/05\/JPO24-BK-6-3-300x200.jpg 300w, https:\/\/bilkiss.fr\/wp-content\/uploads\/2024\/05\/JPO24-BK-6-3-1024x683.jpg 1024w, https:\/\/bilkiss.fr\/wp-content\/uploads\/2024\/05\/JPO24-BK-6-3-768x512.jpg 768w, https:\/\/bilkiss.fr\/wp-content\/uploads\/2024\/05\/JPO24-BK-6-3-1536x1024.jpg 1536w, https:\/\/bilkiss.fr\/wp-content\/uploads\/2024\/05\/JPO24-BK-6-3-2048x1365.jpg 2048w\" sizes=\"(max-width: 2560px) 100vw, 2560px\" \/><\/figure>\n\n\n\n<figure class=\"wp-block-image size-full\"><img decoding=\"async\" width=\"1707\" height=\"2560\" data-id=\"942\" src=\"https:\/\/bilkiss.fr\/wp-content\/uploads\/2024\/05\/JPO24-BK-21-scaled.jpg\" alt=\"\" class=\"wp-image-942\" srcset=\"https:\/\/bilkiss.fr\/wp-content\/uploads\/2024\/05\/JPO24-BK-21-scaled.jpg 1707w, https:\/\/bilkiss.fr\/wp-content\/uploads\/2024\/05\/JPO24-BK-21-200x300.jpg 200w\" sizes=\"(max-width: 1707px) 100vw, 1707px\" \/><\/figure>\n\n\n\n<figure class=\"wp-block-image size-full\"><img loading=\"lazy\" decoding=\"async\" width=\"1707\" height=\"2560\" data-id=\"935\" src=\"https:\/\/bilkiss.fr\/wp-content\/uploads\/2024\/05\/JPO24-BK-14-scaled.jpg\" alt=\"\" class=\"wp-image-935\" srcset=\"https:\/\/bilkiss.fr\/wp-content\/uploads\/2024\/05\/JPO24-BK-14-scaled.jpg 1707w, https:\/\/bilkiss.fr\/wp-content\/uploads\/2024\/05\/JPO24-BK-14-200x300.jpg 200w, https:\/\/bilkiss.fr\/wp-content\/uploads\/2024\/05\/JPO24-BK-14-683x1024.jpg 683w, https:\/\/bilkiss.fr\/wp-content\/uploads\/2024\/05\/JPO24-BK-14-768x1152.jpg 768w\" sizes=\"(max-width: 1707px) 100vw, 1707px\" \/><\/figure>\n<\/figure>\n","protected":false},"excerpt":{"rendered":"<p>La Radiofr\u00e9quence En parall\u00e8le ou en compl\u00e9ment, la Radiofr\u00e9quence permet de traiter rel\u00e2chement cutan\u00e9 et les rides, de la t\u00eate aux pieds. La technologie CORE est une solution pour le remodelage du visage et du corps, r\u00e9duction de la cellulite, et effet lift. La technologie CORE assure une pr\u00e9cision accrue, une grande facilit\u00e9 d\u2019utilisation, c\u2019est [&hellip;]<\/p>\n","protected":false},"author":1,"featured_media":0,"parent":0,"menu_order":0,"comment_status":"closed","ping_status":"closed","template":"","meta":{"footnotes":""},"class_list":["post-789","page","type-page","status-publish","hentry","entry"],"yoast_head":"<!-- This site is optimized with the Yoast SEO plugin v22.0 - https:\/\/yoast.com\/wordpress\/plugins\/seo\/ -->\n<title>La Radiofr\u00e9quence - Bilkiss<\/title>\n<meta name=\"robots\" content=\"index, follow, max-snippet:-1, max-image-preview:large, max-video-preview:-1\" \/>\n<link rel=\"canonical\" href=\"https:\/\/bilkiss.fr\/?page_id=789\" \/>\n<meta property=\"og:locale\" content=\"fr_FR\" \/>\n<meta property=\"og:type\" content=\"article\" \/>\n<meta property=\"og:title\" content=\"La Radiofr\u00e9quence - Bilkiss\" \/>\n<meta property=\"og:description\" content=\"La Radiofr\u00e9quence En parall\u00e8le ou en compl\u00e9ment, la Radiofr\u00e9quence permet de traiter rel\u00e2chement cutan\u00e9 et les rides, de la t\u00eate aux pieds. La technologie CORE est une solution pour le remodelage du visage et du corps, r\u00e9duction de la cellulite, et effet lift. La technologie CORE assure une pr\u00e9cision accrue, une grande facilit\u00e9 d\u2019utilisation, c\u2019est [&hellip;]\" \/>\n<meta property=\"og:url\" content=\"https:\/\/bilkiss.fr\/?page_id=789\" \/>\n<meta property=\"og:site_name\" content=\"Bilkiss\" \/>\n<meta property=\"article:modified_time\" content=\"2024-05-02T18:07:50+00:00\" \/>\n<meta property=\"og:image\" content=\"https:\/\/bilkiss.fr\/wp-content\/uploads\/2024\/01\/Cabinet-Leila-04-714x1024.jpg\" \/>\n<meta name=\"twitter:card\" content=\"summary_large_image\" \/>\n<meta name=\"twitter:label1\" content=\"Dur\u00e9e de lecture estim\u00e9e\" \/>\n\t<meta name=\"twitter:data1\" content=\"2 minutes\" \/>\n<script type=\"application\/ld+json\" class=\"yoast-schema-graph\">{\"@context\":\"https:\/\/schema.org\",\"@graph\":[{\"@type\":\"WebPage\",\"@id\":\"https:\/\/bilkiss.fr\/?page_id=789\",\"url\":\"https:\/\/bilkiss.fr\/?page_id=789\",\"name\":\"La Radiofr\u00e9quence - Bilkiss\",\"isPartOf\":{\"@id\":\"https:\/\/bilkiss.fr\/#website\"},\"datePublished\":\"2024-01-27T08:05:53+00:00\",\"dateModified\":\"2024-05-02T18:07:50+00:00\",\"breadcrumb\":{\"@id\":\"https:\/\/bilkiss.fr\/?page_id=789#breadcrumb\"},\"inLanguage\":\"fr-FR\",\"potentialAction\":[{\"@type\":\"ReadAction\",\"target\":[\"https:\/\/bilkiss.fr\/?page_id=789\"]}]},{\"@type\":\"BreadcrumbList\",\"@id\":\"https:\/\/bilkiss.fr\/?page_id=789#breadcrumb\",\"itemListElement\":[{\"@type\":\"ListItem\",\"position\":1,\"name\":\"Accueil\",\"item\":\"https:\/\/bilkiss.fr\/\"},{\"@type\":\"ListItem\",\"position\":2,\"name\":\"La Radiofr\u00e9quence\"}]},{\"@type\":\"WebSite\",\"@id\":\"https:\/\/bilkiss.fr\/#website\",\"url\":\"https:\/\/bilkiss.fr\/\",\"name\":\"Bilkiss - Cabinet de m\u00e9decine esth\u00e9tique\",\"description\":\"Cabinet de M\u00e9decine Esth\u00e9tique Toulon\",\"publisher\":{\"@id\":\"https:\/\/bilkiss.fr\/#organization\"},\"potentialAction\":[{\"@type\":\"SearchAction\",\"target\":{\"@type\":\"EntryPoint\",\"urlTemplate\":\"https:\/\/bilkiss.fr\/?s={search_term_string}\"},\"query-input\":\"required name=search_term_string\"}],\"inLanguage\":\"fr-FR\"},{\"@type\":\"Organization\",\"@id\":\"https:\/\/bilkiss.fr\/#organization\",\"name\":\"Bilkiss - Cabinet de m\u00e9decine esth\u00e9tique\",\"url\":\"https:\/\/bilkiss.fr\/\",\"logo\":{\"@type\":\"ImageObject\",\"inLanguage\":\"fr-FR\",\"@id\":\"https:\/\/bilkiss.fr\/#\/schema\/logo\/image\/\",\"url\":\"https:\/\/bilkiss.fr\/wp-content\/uploads\/2024\/01\/Logo-Bilkiss-Noir.png\",\"contentUrl\":\"https:\/\/bilkiss.fr\/wp-content\/uploads\/2024\/01\/Logo-Bilkiss-Noir.png\",\"width\":2768,\"height\":1352,\"caption\":\"Bilkiss - Cabinet de m\u00e9decine esth\u00e9tique\"},\"image\":{\"@id\":\"https:\/\/bilkiss.fr\/#\/schema\/logo\/image\/\"}}]}<\/script>\n<!-- \/ Yoast SEO plugin. -->","yoast_head_json":{"title":"La Radiofr\u00e9quence - Bilkiss","robots":{"index":"index","follow":"follow","max-snippet":"max-snippet:-1","max-image-preview":"max-image-preview:large","max-video-preview":"max-video-preview:-1"},"canonical":"https:\/\/bilkiss.fr\/?page_id=789","og_locale":"fr_FR","og_type":"article","og_title":"La Radiofr\u00e9quence - Bilkiss","og_description":"La Radiofr\u00e9quence En parall\u00e8le ou en compl\u00e9ment, la Radiofr\u00e9quence permet de traiter rel\u00e2chement cutan\u00e9 et les rides, de la t\u00eate aux pieds. La technologie CORE est une solution pour le remodelage du visage et du corps, r\u00e9duction de la cellulite, et effet lift. La technologie CORE assure une pr\u00e9cision accrue, une grande facilit\u00e9 d\u2019utilisation, c\u2019est [&hellip;]","og_url":"https:\/\/bilkiss.fr\/?page_id=789","og_site_name":"Bilkiss","article_modified_time":"2024-05-02T18:07:50+00:00","og_image":[{"url":"https:\/\/bilkiss.fr\/wp-content\/uploads\/2024\/01\/Cabinet-Leila-04-714x1024.jpg"}],"twitter_card":"summary_large_image","twitter_misc":{"Dur\u00e9e de lecture estim\u00e9e":"2 minutes"},"schema":{"@context":"https:\/\/schema.org","@graph":[{"@type":"WebPage","@id":"https:\/\/bilkiss.fr\/?page_id=789","url":"https:\/\/bilkiss.fr\/?page_id=789","name":"La Radiofr\u00e9quence - Bilkiss","isPartOf":{"@id":"https:\/\/bilkiss.fr\/#website"},"datePublished":"2024-01-27T08:05:53+00:00","dateModified":"2024-05-02T18:07:50+00:00","breadcrumb":{"@id":"https:\/\/bilkiss.fr\/?page_id=789#breadcrumb"},"inLanguage":"fr-FR","potentialAction":[{"@type":"ReadAction","target":["https:\/\/bilkiss.fr\/?page_id=789"]}]},{"@type":"BreadcrumbList","@id":"https:\/\/bilkiss.fr\/?page_id=789#breadcrumb","itemListElement":[{"@type":"ListItem","position":1,"name":"Accueil","item":"https:\/\/bilkiss.fr\/"},{"@type":"ListItem","position":2,"name":"La Radiofr\u00e9quence"}]},{"@type":"WebSite","@id":"https:\/\/bilkiss.fr\/#website","url":"https:\/\/bilkiss.fr\/","name":"Bilkiss - Cabinet de m\u00e9decine esth\u00e9tique","description":"Cabinet de M\u00e9decine Esth\u00e9tique Toulon","publisher":{"@id":"https:\/\/bilkiss.fr\/#organization"},"potentialAction":[{"@type":"SearchAction","target":{"@type":"EntryPoint","urlTemplate":"https:\/\/bilkiss.fr\/?s={search_term_string}"},"query-input":"required name=search_term_string"}],"inLanguage":"fr-FR"},{"@type":"Organization","@id":"https:\/\/bilkiss.fr\/#organization","name":"Bilkiss - Cabinet de m\u00e9decine esth\u00e9tique","url":"https:\/\/bilkiss.fr\/","logo":{"@type":"ImageObject","inLanguage":"fr-FR","@id":"https:\/\/bilkiss.fr\/#\/schema\/logo\/image\/","url":"https:\/\/bilkiss.fr\/wp-content\/uploads\/2024\/01\/Logo-Bilkiss-Noir.png","contentUrl":"https:\/\/bilkiss.fr\/wp-content\/uploads\/2024\/01\/Logo-Bilkiss-Noir.png","width":2768,"height":1352,"caption":"Bilkiss - Cabinet de m\u00e9decine esth\u00e9tique"},"image":{"@id":"https:\/\/bilkiss.fr\/#\/schema\/logo\/image\/"}}]}},"_links":{"self":[{"href":"https:\/\/bilkiss.fr\/index.php?rest_route=\/wp\/v2\/pages\/789","targetHints":{"allow":["GET"]}}],"collection":[{"href":"https:\/\/bilkiss.fr\/index.php?rest_route=\/wp\/v2\/pages"}],"about":[{"href":"https:\/\/bilkiss.fr\/index.php?rest_route=\/wp\/v2\/types\/page"}],"author":[{"embeddable":true,"href":"https:\/\/bilkiss.fr\/index.php?rest_route=\/wp\/v2\/users\/1"}],"replies":[{"embeddable":true,"href":"https:\/\/bilkiss.fr\/index.php?rest_route=%2Fwp%2Fv2%2Fcomments&post=789"}],"version-history":[{"count":6,"href":"https:\/\/bilkiss.fr\/index.php?rest_route=\/wp\/v2\/pages\/789\/revisions"}],"predecessor-version":[{"id":973,"href":"https:\/\/bilkiss.fr\/index.php?rest_route=\/wp\/v2\/pages\/789\/revisions\/973"}],"wp:attachment":[{"href":"https:\/\/bilkiss.fr\/index.php?rest_route=%2Fwp%2Fv2%2Fmedia&parent=789"}],"curies":[{"name":"wp","href":"https:\/\/api.w.org\/{rel}","templated":true}]}}