{"id":793,"date":"2024-01-27T09:06:21","date_gmt":"2024-01-27T08:06:21","guid":{"rendered":"https:\/\/bilkiss.fr\/?page_id=793"},"modified":"2024-02-06T11:27:33","modified_gmt":"2024-02-06T10:27:33","slug":"la-biophotomodulation","status":"publish","type":"page","link":"https:\/\/bilkiss.fr\/?page_id=793","title":{"rendered":"La Photobiomodulation"},"content":{"rendered":"\n<div class=\"wp-block-media-text alignwide is-stacked-on-mobile is-vertically-aligned-center\" style=\"grid-template-columns:30% auto\"><figure class=\"wp-block-media-text__media\"><img fetchpriority=\"high\" decoding=\"async\" width=\"683\" height=\"1024\" src=\"https:\/\/bilkiss.fr\/wp-content\/uploads\/2024\/01\/Cabinet-Leila-14-683x1024.jpg\" alt=\"\" class=\"wp-image-179 size-full\" srcset=\"https:\/\/bilkiss.fr\/wp-content\/uploads\/2024\/01\/Cabinet-Leila-14-683x1024.jpg 683w, https:\/\/bilkiss.fr\/wp-content\/uploads\/2024\/01\/Cabinet-Leila-14-200x300.jpg 200w, https:\/\/bilkiss.fr\/wp-content\/uploads\/2024\/01\/Cabinet-Leila-14-100x150.jpg 100w, https:\/\/bilkiss.fr\/wp-content\/uploads\/2024\/01\/Cabinet-Leila-14-768x1152.jpg 768w, https:\/\/bilkiss.fr\/wp-content\/uploads\/2024\/01\/Cabinet-Leila-14-1024x1536.jpg 1024w, https:\/\/bilkiss.fr\/wp-content\/uploads\/2024\/01\/Cabinet-Leila-14-1365x2048.jpg 1365w, https:\/\/bilkiss.fr\/wp-content\/uploads\/2024\/01\/Cabinet-Leila-14-scaled.jpg 1707w\" sizes=\"(max-width: 683px) 100vw, 683px\" \/><\/figure><div class=\"wp-block-media-text__content\">\n<p><\/p>\n\n\n\n<h2 class=\"wp-block-heading has-text-align-left has-text-color\" style=\"color:#000000;font-size:32px\"><strong>La Photobiomodulation<\/strong><\/h2>\n\n\n\n<p style=\"font-size:17px\">Suite aux soins&nbsp; ou en th\u00e9rapie unique , vous pourrez vous d\u00e9tendre sous la \u00ab&nbsp;LED&nbsp;\u00bb&nbsp; principe de photobiomodulation dont les programmes sont pr\u00e9programm\u00e9s et s\u00e9lectionn\u00e9s en fonction des r\u00e9sultats souhait\u00e9s. Projet\u00e9e sur la zone \u00e0 traiter, l&rsquo;onde lumineuse \u00e9mise par l&rsquo;appareil d\u00e9clenche la r\u00e9organisation des fibroblastes et par l\u00e0-m\u00eame, la production de collag\u00e8ne et d\u2019\u00e9lastine. <strong>Le taux de succ\u00e8s est sup\u00e9rieur \u00e0 90% et la technique est efficace sur tous les types de peaux<\/strong>.<\/p>\n\n\n\n<h5 class=\"wp-block-heading\"><a href=\"https:\/\/www.doctolib.fr\/medecin-generaliste\/toulon\/leila-tayeb-amimer\/booking\/new-patient?specialityId=2&amp;profile_skipped=true&amp;bookingFunnelSource=external_referral\">Rendez-vous<\/a><\/h5>\n<\/div><\/div>\n","protected":false},"excerpt":{"rendered":"<p>La Photobiomodulation Suite aux soins&nbsp; ou en th\u00e9rapie unique , vous pourrez vous d\u00e9tendre sous la \u00ab&nbsp;LED&nbsp;\u00bb&nbsp; principe de photobiomodulation dont les programmes sont pr\u00e9programm\u00e9s et s\u00e9lectionn\u00e9s en fonction des r\u00e9sultats souhait\u00e9s. Projet\u00e9e sur la zone \u00e0 traiter, l&rsquo;onde lumineuse \u00e9mise par l&rsquo;appareil d\u00e9clenche la r\u00e9organisation des fibroblastes et par l\u00e0-m\u00eame, la production de collag\u00e8ne [&hellip;]<\/p>\n","protected":false},"author":1,"featured_media":0,"parent":0,"menu_order":0,"comment_status":"closed","ping_status":"closed","template":"","meta":{"footnotes":""},"class_list":["post-793","page","type-page","status-publish","hentry","entry"],"yoast_head":"<!-- This site is optimized with the Yoast SEO plugin v22.0 - https:\/\/yoast.com\/wordpress\/plugins\/seo\/ -->\n<title>La Photobiomodulation - Bilkiss<\/title>\n<meta name=\"robots\" content=\"index, follow, max-snippet:-1, max-image-preview:large, max-video-preview:-1\" \/>\n<link rel=\"canonical\" href=\"https:\/\/bilkiss.fr\/?page_id=793\" \/>\n<meta property=\"og:locale\" content=\"fr_FR\" \/>\n<meta property=\"og:type\" content=\"article\" \/>\n<meta property=\"og:title\" content=\"La Photobiomodulation - Bilkiss\" \/>\n<meta property=\"og:description\" content=\"La Photobiomodulation Suite aux soins&nbsp; ou en th\u00e9rapie unique , vous pourrez vous d\u00e9tendre sous la \u00ab&nbsp;LED&nbsp;\u00bb&nbsp; principe de photobiomodulation dont les programmes sont pr\u00e9programm\u00e9s et s\u00e9lectionn\u00e9s en fonction des r\u00e9sultats souhait\u00e9s. Projet\u00e9e sur la zone \u00e0 traiter, l&rsquo;onde lumineuse \u00e9mise par l&rsquo;appareil d\u00e9clenche la r\u00e9organisation des fibroblastes et par l\u00e0-m\u00eame, la production de collag\u00e8ne [&hellip;]\" \/>\n<meta property=\"og:url\" content=\"https:\/\/bilkiss.fr\/?page_id=793\" \/>\n<meta property=\"og:site_name\" content=\"Bilkiss\" \/>\n<meta property=\"article:modified_time\" content=\"2024-02-06T10:27:33+00:00\" \/>\n<meta property=\"og:image\" content=\"https:\/\/bilkiss.fr\/wp-content\/uploads\/2024\/01\/Cabinet-Leila-14-683x1024.jpg\" \/>\n<meta name=\"twitter:card\" content=\"summary_large_image\" \/>\n<script type=\"application\/ld+json\" class=\"yoast-schema-graph\">{\"@context\":\"https:\/\/schema.org\",\"@graph\":[{\"@type\":\"WebPage\",\"@id\":\"https:\/\/bilkiss.fr\/?page_id=793\",\"url\":\"https:\/\/bilkiss.fr\/?page_id=793\",\"name\":\"La Photobiomodulation - Bilkiss\",\"isPartOf\":{\"@id\":\"https:\/\/bilkiss.fr\/#website\"},\"datePublished\":\"2024-01-27T08:06:21+00:00\",\"dateModified\":\"2024-02-06T10:27:33+00:00\",\"breadcrumb\":{\"@id\":\"https:\/\/bilkiss.fr\/?page_id=793#breadcrumb\"},\"inLanguage\":\"fr-FR\",\"potentialAction\":[{\"@type\":\"ReadAction\",\"target\":[\"https:\/\/bilkiss.fr\/?page_id=793\"]}]},{\"@type\":\"BreadcrumbList\",\"@id\":\"https:\/\/bilkiss.fr\/?page_id=793#breadcrumb\",\"itemListElement\":[{\"@type\":\"ListItem\",\"position\":1,\"name\":\"Accueil\",\"item\":\"https:\/\/bilkiss.fr\/\"},{\"@type\":\"ListItem\",\"position\":2,\"name\":\"La Photobiomodulation\"}]},{\"@type\":\"WebSite\",\"@id\":\"https:\/\/bilkiss.fr\/#website\",\"url\":\"https:\/\/bilkiss.fr\/\",\"name\":\"Bilkiss - Cabinet de m\u00e9decine esth\u00e9tique\",\"description\":\"Cabinet de M\u00e9decine Esth\u00e9tique Toulon\",\"publisher\":{\"@id\":\"https:\/\/bilkiss.fr\/#organization\"},\"potentialAction\":[{\"@type\":\"SearchAction\",\"target\":{\"@type\":\"EntryPoint\",\"urlTemplate\":\"https:\/\/bilkiss.fr\/?s={search_term_string}\"},\"query-input\":\"required name=search_term_string\"}],\"inLanguage\":\"fr-FR\"},{\"@type\":\"Organization\",\"@id\":\"https:\/\/bilkiss.fr\/#organization\",\"name\":\"Bilkiss - Cabinet de m\u00e9decine esth\u00e9tique\",\"url\":\"https:\/\/bilkiss.fr\/\",\"logo\":{\"@type\":\"ImageObject\",\"inLanguage\":\"fr-FR\",\"@id\":\"https:\/\/bilkiss.fr\/#\/schema\/logo\/image\/\",\"url\":\"https:\/\/bilkiss.fr\/wp-content\/uploads\/2024\/01\/Logo-Bilkiss-Noir.png\",\"contentUrl\":\"https:\/\/bilkiss.fr\/wp-content\/uploads\/2024\/01\/Logo-Bilkiss-Noir.png\",\"width\":2768,\"height\":1352,\"caption\":\"Bilkiss - Cabinet de m\u00e9decine esth\u00e9tique\"},\"image\":{\"@id\":\"https:\/\/bilkiss.fr\/#\/schema\/logo\/image\/\"}}]}<\/script>\n<!-- \/ Yoast SEO plugin. -->","yoast_head_json":{"title":"La Photobiomodulation - Bilkiss","robots":{"index":"index","follow":"follow","max-snippet":"max-snippet:-1","max-image-preview":"max-image-preview:large","max-video-preview":"max-video-preview:-1"},"canonical":"https:\/\/bilkiss.fr\/?page_id=793","og_locale":"fr_FR","og_type":"article","og_title":"La Photobiomodulation - Bilkiss","og_description":"La Photobiomodulation Suite aux soins&nbsp; ou en th\u00e9rapie unique , vous pourrez vous d\u00e9tendre sous la \u00ab&nbsp;LED&nbsp;\u00bb&nbsp; principe de photobiomodulation dont les programmes sont pr\u00e9programm\u00e9s et s\u00e9lectionn\u00e9s en fonction des r\u00e9sultats souhait\u00e9s. Projet\u00e9e sur la zone \u00e0 traiter, l&rsquo;onde lumineuse \u00e9mise par l&rsquo;appareil d\u00e9clenche la r\u00e9organisation des fibroblastes et par l\u00e0-m\u00eame, la production de collag\u00e8ne [&hellip;]","og_url":"https:\/\/bilkiss.fr\/?page_id=793","og_site_name":"Bilkiss","article_modified_time":"2024-02-06T10:27:33+00:00","og_image":[{"url":"https:\/\/bilkiss.fr\/wp-content\/uploads\/2024\/01\/Cabinet-Leila-14-683x1024.jpg"}],"twitter_card":"summary_large_image","schema":{"@context":"https:\/\/schema.org","@graph":[{"@type":"WebPage","@id":"https:\/\/bilkiss.fr\/?page_id=793","url":"https:\/\/bilkiss.fr\/?page_id=793","name":"La Photobiomodulation - Bilkiss","isPartOf":{"@id":"https:\/\/bilkiss.fr\/#website"},"datePublished":"2024-01-27T08:06:21+00:00","dateModified":"2024-02-06T10:27:33+00:00","breadcrumb":{"@id":"https:\/\/bilkiss.fr\/?page_id=793#breadcrumb"},"inLanguage":"fr-FR","potentialAction":[{"@type":"ReadAction","target":["https:\/\/bilkiss.fr\/?page_id=793"]}]},{"@type":"BreadcrumbList","@id":"https:\/\/bilkiss.fr\/?page_id=793#breadcrumb","itemListElement":[{"@type":"ListItem","position":1,"name":"Accueil","item":"https:\/\/bilkiss.fr\/"},{"@type":"ListItem","position":2,"name":"La Photobiomodulation"}]},{"@type":"WebSite","@id":"https:\/\/bilkiss.fr\/#website","url":"https:\/\/bilkiss.fr\/","name":"Bilkiss - Cabinet de m\u00e9decine esth\u00e9tique","description":"Cabinet de M\u00e9decine Esth\u00e9tique Toulon","publisher":{"@id":"https:\/\/bilkiss.fr\/#organization"},"potentialAction":[{"@type":"SearchAction","target":{"@type":"EntryPoint","urlTemplate":"https:\/\/bilkiss.fr\/?s={search_term_string}"},"query-input":"required name=search_term_string"}],"inLanguage":"fr-FR"},{"@type":"Organization","@id":"https:\/\/bilkiss.fr\/#organization","name":"Bilkiss - Cabinet de m\u00e9decine esth\u00e9tique","url":"https:\/\/bilkiss.fr\/","logo":{"@type":"ImageObject","inLanguage":"fr-FR","@id":"https:\/\/bilkiss.fr\/#\/schema\/logo\/image\/","url":"https:\/\/bilkiss.fr\/wp-content\/uploads\/2024\/01\/Logo-Bilkiss-Noir.png","contentUrl":"https:\/\/bilkiss.fr\/wp-content\/uploads\/2024\/01\/Logo-Bilkiss-Noir.png","width":2768,"height":1352,"caption":"Bilkiss - Cabinet de m\u00e9decine esth\u00e9tique"},"image":{"@id":"https:\/\/bilkiss.fr\/#\/schema\/logo\/image\/"}}]}},"_links":{"self":[{"href":"https:\/\/bilkiss.fr\/index.php?rest_route=\/wp\/v2\/pages\/793","targetHints":{"allow":["GET"]}}],"collection":[{"href":"https:\/\/bilkiss.fr\/index.php?rest_route=\/wp\/v2\/pages"}],"about":[{"href":"https:\/\/bilkiss.fr\/index.php?rest_route=\/wp\/v2\/types\/page"}],"author":[{"embeddable":true,"href":"https:\/\/bilkiss.fr\/index.php?rest_route=\/wp\/v2\/users\/1"}],"replies":[{"embeddable":true,"href":"https:\/\/bilkiss.fr\/index.php?rest_route=%2Fwp%2Fv2%2Fcomments&post=793"}],"version-history":[{"count":7,"href":"https:\/\/bilkiss.fr\/index.php?rest_route=\/wp\/v2\/pages\/793\/revisions"}],"predecessor-version":[{"id":853,"href":"https:\/\/bilkiss.fr\/index.php?rest_route=\/wp\/v2\/pages\/793\/revisions\/853"}],"wp:attachment":[{"href":"https:\/\/bilkiss.fr\/index.php?rest_route=%2Fwp%2Fv2%2Fmedia&parent=793"}],"curies":[{"name":"wp","href":"https:\/\/api.w.org\/{rel}","templated":true}]}}