{"id":801,"date":"2024-01-27T09:08:52","date_gmt":"2024-01-27T08:08:52","guid":{"rendered":"https:\/\/bilkiss.fr\/?page_id=801"},"modified":"2024-02-23T14:30:02","modified_gmt":"2024-02-23T13:30:02","slug":"docteur-tayeb","status":"publish","type":"page","link":"https:\/\/bilkiss.fr\/?page_id=801","title":{"rendered":"Docteur Tayeb"},"content":{"rendered":"\n<div class=\"wp-block-columns alignfull is-layout-flex wp-container-core-columns-is-layout-9d6595d7 wp-block-columns-is-layout-flex\">\n<div class=\"wp-block-column is-layout-flow wp-block-column-is-layout-flow\" style=\"flex-basis:50%\">\n<div class=\"wp-block-cover is-light\" style=\"min-height:600px;aspect-ratio:unset;\"><span aria-hidden=\"true\" class=\"wp-block-cover__background has-background-dim-100 has-background-dim\" style=\"background-color:#f6f6f6\"><\/span><div class=\"wp-block-cover__inner-container is-layout-flow wp-block-cover-is-layout-flow\"><div class=\"wp-block-image\">\n<figure class=\"aligncenter size-full is-resized\"><img fetchpriority=\"high\" decoding=\"async\" width=\"1707\" height=\"2560\" src=\"https:\/\/bilkiss.fr\/wp-content\/uploads\/2024\/01\/Leila-Tayeb-Bilkiss-Cabinet-de-medecine-esthetique-scaled.jpg\" alt=\"\" class=\"wp-image-838\" style=\"width:319px;height:auto\" srcset=\"https:\/\/bilkiss.fr\/wp-content\/uploads\/2024\/01\/Leila-Tayeb-Bilkiss-Cabinet-de-medecine-esthetique-scaled.jpg 1707w, https:\/\/bilkiss.fr\/wp-content\/uploads\/2024\/01\/Leila-Tayeb-Bilkiss-Cabinet-de-medecine-esthetique-200x300.jpg 200w, https:\/\/bilkiss.fr\/wp-content\/uploads\/2024\/01\/Leila-Tayeb-Bilkiss-Cabinet-de-medecine-esthetique-683x1024.jpg 683w, https:\/\/bilkiss.fr\/wp-content\/uploads\/2024\/01\/Leila-Tayeb-Bilkiss-Cabinet-de-medecine-esthetique-768x1152.jpg 768w, https:\/\/bilkiss.fr\/wp-content\/uploads\/2024\/01\/Leila-Tayeb-Bilkiss-Cabinet-de-medecine-esthetique-1024x1536.jpg 1024w, https:\/\/bilkiss.fr\/wp-content\/uploads\/2024\/01\/Leila-Tayeb-Bilkiss-Cabinet-de-medecine-esthetique-1365x2048.jpg 1365w\" sizes=\"(max-width: 1707px) 100vw, 1707px\" \/><\/figure>\n<\/div><\/div><\/div>\n<\/div>\n\n\n\n<div class=\"wp-block-column is-vertically-aligned-center is-layout-flow wp-block-column-is-layout-flow\" style=\"padding-top:1em;padding-right:1em;padding-bottom:1em;padding-left:1em\">\n<div class=\"wp-block-columns is-layout-flex wp-container-core-columns-is-layout-9d6595d7 wp-block-columns-is-layout-flex\">\n<div class=\"wp-block-column is-layout-flow wp-block-column-is-layout-flow\" style=\"flex-basis:320px\">\n<h2 class=\"wp-block-heading\" style=\"font-size:37px\">Docteur Tayeb<\/h2>\n\n\n\n<p>Forte d\u2019une exp\u00e9rience de m\u00e9decin urgentiste et soins palliatifs , la m\u00e9decine esth\u00e9tique s\u2019est impos\u00e9e \u00e0 moi comme un \u00e9quilibre .Bilkiss ,la reine de Saba , symbole de beaut\u00e9 , aurait \u00e9t\u00e9 ma troisi\u00e8me fille et ce centre de m\u00e9decine esth\u00e9tique en porte toute l\u2019\u00e9nergie Vivre avec son \u00e2ge et restez belle , prendre soin de soi , je compte sur Bilkiss pour vous apporter la joie et le bonheur d\u2019un instant calme et r\u00e9g\u00e9n\u00e9rant.<\/p>\n<\/div>\n<\/div>\n<\/div>\n<\/div>\n","protected":false},"excerpt":{"rendered":"<p>Docteur Tayeb Forte d\u2019une exp\u00e9rience de m\u00e9decin urgentiste et soins palliatifs , la m\u00e9decine esth\u00e9tique s\u2019est impos\u00e9e \u00e0 moi comme un \u00e9quilibre .Bilkiss ,la reine de Saba , symbole de beaut\u00e9 , aurait \u00e9t\u00e9 ma troisi\u00e8me fille et ce centre de m\u00e9decine esth\u00e9tique en porte toute l\u2019\u00e9nergie Vivre avec son \u00e2ge et restez belle , [&hellip;]<\/p>\n","protected":false},"author":1,"featured_media":0,"parent":0,"menu_order":0,"comment_status":"closed","ping_status":"closed","template":"","meta":{"footnotes":""},"class_list":["post-801","page","type-page","status-publish","hentry","entry"],"yoast_head":"<!-- This site is optimized with the Yoast SEO plugin v22.0 - https:\/\/yoast.com\/wordpress\/plugins\/seo\/ -->\n<title>Docteur Tayeb - Bilkiss<\/title>\n<meta name=\"robots\" content=\"index, follow, max-snippet:-1, max-image-preview:large, max-video-preview:-1\" \/>\n<link rel=\"canonical\" href=\"https:\/\/bilkiss.fr\/?page_id=801\" \/>\n<meta property=\"og:locale\" content=\"fr_FR\" \/>\n<meta property=\"og:type\" content=\"article\" \/>\n<meta property=\"og:title\" content=\"Docteur Tayeb - Bilkiss\" \/>\n<meta property=\"og:description\" content=\"Docteur Tayeb Forte d\u2019une exp\u00e9rience de m\u00e9decin urgentiste et soins palliatifs , la m\u00e9decine esth\u00e9tique s\u2019est impos\u00e9e \u00e0 moi comme un \u00e9quilibre .Bilkiss ,la reine de Saba , symbole de beaut\u00e9 , aurait \u00e9t\u00e9 ma troisi\u00e8me fille et ce centre de m\u00e9decine esth\u00e9tique en porte toute l\u2019\u00e9nergie Vivre avec son \u00e2ge et restez belle , [&hellip;]\" \/>\n<meta property=\"og:url\" content=\"https:\/\/bilkiss.fr\/?page_id=801\" \/>\n<meta property=\"og:site_name\" content=\"Bilkiss\" \/>\n<meta property=\"article:modified_time\" content=\"2024-02-23T13:30:02+00:00\" \/>\n<meta property=\"og:image\" content=\"https:\/\/bilkiss.fr\/wp-content\/uploads\/2024\/01\/Leila-Tayeb-Bilkiss-Cabinet-de-medecine-esthetique-scaled.jpg\" \/>\n<meta name=\"twitter:card\" content=\"summary_large_image\" \/>\n<meta name=\"twitter:label1\" content=\"Dur\u00e9e de lecture estim\u00e9e\" \/>\n\t<meta name=\"twitter:data1\" content=\"1 minute\" \/>\n<script type=\"application\/ld+json\" class=\"yoast-schema-graph\">{\"@context\":\"https:\/\/schema.org\",\"@graph\":[{\"@type\":\"WebPage\",\"@id\":\"https:\/\/bilkiss.fr\/?page_id=801\",\"url\":\"https:\/\/bilkiss.fr\/?page_id=801\",\"name\":\"Docteur Tayeb - Bilkiss\",\"isPartOf\":{\"@id\":\"https:\/\/bilkiss.fr\/#website\"},\"datePublished\":\"2024-01-27T08:08:52+00:00\",\"dateModified\":\"2024-02-23T13:30:02+00:00\",\"breadcrumb\":{\"@id\":\"https:\/\/bilkiss.fr\/?page_id=801#breadcrumb\"},\"inLanguage\":\"fr-FR\",\"potentialAction\":[{\"@type\":\"ReadAction\",\"target\":[\"https:\/\/bilkiss.fr\/?page_id=801\"]}]},{\"@type\":\"BreadcrumbList\",\"@id\":\"https:\/\/bilkiss.fr\/?page_id=801#breadcrumb\",\"itemListElement\":[{\"@type\":\"ListItem\",\"position\":1,\"name\":\"Accueil\",\"item\":\"https:\/\/bilkiss.fr\/\"},{\"@type\":\"ListItem\",\"position\":2,\"name\":\"Docteur Tayeb\"}]},{\"@type\":\"WebSite\",\"@id\":\"https:\/\/bilkiss.fr\/#website\",\"url\":\"https:\/\/bilkiss.fr\/\",\"name\":\"Bilkiss - Cabinet de m\u00e9decine esth\u00e9tique\",\"description\":\"Cabinet de M\u00e9decine Esth\u00e9tique Toulon\",\"publisher\":{\"@id\":\"https:\/\/bilkiss.fr\/#organization\"},\"potentialAction\":[{\"@type\":\"SearchAction\",\"target\":{\"@type\":\"EntryPoint\",\"urlTemplate\":\"https:\/\/bilkiss.fr\/?s={search_term_string}\"},\"query-input\":\"required name=search_term_string\"}],\"inLanguage\":\"fr-FR\"},{\"@type\":\"Organization\",\"@id\":\"https:\/\/bilkiss.fr\/#organization\",\"name\":\"Bilkiss - Cabinet de m\u00e9decine esth\u00e9tique\",\"url\":\"https:\/\/bilkiss.fr\/\",\"logo\":{\"@type\":\"ImageObject\",\"inLanguage\":\"fr-FR\",\"@id\":\"https:\/\/bilkiss.fr\/#\/schema\/logo\/image\/\",\"url\":\"https:\/\/bilkiss.fr\/wp-content\/uploads\/2024\/01\/Logo-Bilkiss-Noir.png\",\"contentUrl\":\"https:\/\/bilkiss.fr\/wp-content\/uploads\/2024\/01\/Logo-Bilkiss-Noir.png\",\"width\":2768,\"height\":1352,\"caption\":\"Bilkiss - Cabinet de m\u00e9decine esth\u00e9tique\"},\"image\":{\"@id\":\"https:\/\/bilkiss.fr\/#\/schema\/logo\/image\/\"}}]}<\/script>\n<!-- \/ Yoast SEO plugin. -->","yoast_head_json":{"title":"Docteur Tayeb - Bilkiss","robots":{"index":"index","follow":"follow","max-snippet":"max-snippet:-1","max-image-preview":"max-image-preview:large","max-video-preview":"max-video-preview:-1"},"canonical":"https:\/\/bilkiss.fr\/?page_id=801","og_locale":"fr_FR","og_type":"article","og_title":"Docteur Tayeb - Bilkiss","og_description":"Docteur Tayeb Forte d\u2019une exp\u00e9rience de m\u00e9decin urgentiste et soins palliatifs , la m\u00e9decine esth\u00e9tique s\u2019est impos\u00e9e \u00e0 moi comme un \u00e9quilibre .Bilkiss ,la reine de Saba , symbole de beaut\u00e9 , aurait \u00e9t\u00e9 ma troisi\u00e8me fille et ce centre de m\u00e9decine esth\u00e9tique en porte toute l\u2019\u00e9nergie Vivre avec son \u00e2ge et restez belle , [&hellip;]","og_url":"https:\/\/bilkiss.fr\/?page_id=801","og_site_name":"Bilkiss","article_modified_time":"2024-02-23T13:30:02+00:00","og_image":[{"url":"https:\/\/bilkiss.fr\/wp-content\/uploads\/2024\/01\/Leila-Tayeb-Bilkiss-Cabinet-de-medecine-esthetique-scaled.jpg"}],"twitter_card":"summary_large_image","twitter_misc":{"Dur\u00e9e de lecture estim\u00e9e":"1 minute"},"schema":{"@context":"https:\/\/schema.org","@graph":[{"@type":"WebPage","@id":"https:\/\/bilkiss.fr\/?page_id=801","url":"https:\/\/bilkiss.fr\/?page_id=801","name":"Docteur Tayeb - Bilkiss","isPartOf":{"@id":"https:\/\/bilkiss.fr\/#website"},"datePublished":"2024-01-27T08:08:52+00:00","dateModified":"2024-02-23T13:30:02+00:00","breadcrumb":{"@id":"https:\/\/bilkiss.fr\/?page_id=801#breadcrumb"},"inLanguage":"fr-FR","potentialAction":[{"@type":"ReadAction","target":["https:\/\/bilkiss.fr\/?page_id=801"]}]},{"@type":"BreadcrumbList","@id":"https:\/\/bilkiss.fr\/?page_id=801#breadcrumb","itemListElement":[{"@type":"ListItem","position":1,"name":"Accueil","item":"https:\/\/bilkiss.fr\/"},{"@type":"ListItem","position":2,"name":"Docteur Tayeb"}]},{"@type":"WebSite","@id":"https:\/\/bilkiss.fr\/#website","url":"https:\/\/bilkiss.fr\/","name":"Bilkiss - Cabinet de m\u00e9decine esth\u00e9tique","description":"Cabinet de M\u00e9decine Esth\u00e9tique Toulon","publisher":{"@id":"https:\/\/bilkiss.fr\/#organization"},"potentialAction":[{"@type":"SearchAction","target":{"@type":"EntryPoint","urlTemplate":"https:\/\/bilkiss.fr\/?s={search_term_string}"},"query-input":"required name=search_term_string"}],"inLanguage":"fr-FR"},{"@type":"Organization","@id":"https:\/\/bilkiss.fr\/#organization","name":"Bilkiss - Cabinet de m\u00e9decine esth\u00e9tique","url":"https:\/\/bilkiss.fr\/","logo":{"@type":"ImageObject","inLanguage":"fr-FR","@id":"https:\/\/bilkiss.fr\/#\/schema\/logo\/image\/","url":"https:\/\/bilkiss.fr\/wp-content\/uploads\/2024\/01\/Logo-Bilkiss-Noir.png","contentUrl":"https:\/\/bilkiss.fr\/wp-content\/uploads\/2024\/01\/Logo-Bilkiss-Noir.png","width":2768,"height":1352,"caption":"Bilkiss - Cabinet de m\u00e9decine esth\u00e9tique"},"image":{"@id":"https:\/\/bilkiss.fr\/#\/schema\/logo\/image\/"}}]}},"_links":{"self":[{"href":"https:\/\/bilkiss.fr\/index.php?rest_route=\/wp\/v2\/pages\/801","targetHints":{"allow":["GET"]}}],"collection":[{"href":"https:\/\/bilkiss.fr\/index.php?rest_route=\/wp\/v2\/pages"}],"about":[{"href":"https:\/\/bilkiss.fr\/index.php?rest_route=\/wp\/v2\/types\/page"}],"author":[{"embeddable":true,"href":"https:\/\/bilkiss.fr\/index.php?rest_route=\/wp\/v2\/users\/1"}],"replies":[{"embeddable":true,"href":"https:\/\/bilkiss.fr\/index.php?rest_route=%2Fwp%2Fv2%2Fcomments&post=801"}],"version-history":[{"count":9,"href":"https:\/\/bilkiss.fr\/index.php?rest_route=\/wp\/v2\/pages\/801\/revisions"}],"predecessor-version":[{"id":928,"href":"https:\/\/bilkiss.fr\/index.php?rest_route=\/wp\/v2\/pages\/801\/revisions\/928"}],"wp:attachment":[{"href":"https:\/\/bilkiss.fr\/index.php?rest_route=%2Fwp%2Fv2%2Fmedia&parent=801"}],"curies":[{"name":"wp","href":"https:\/\/api.w.org\/{rel}","templated":true}]}}